{"id":6649,"date":"2020-09-04T14:23:29","date_gmt":"2020-09-04T12:23:29","guid":{"rendered":"https:\/\/orsonfrance.com\/emergency-population-warning-sirens\/regulation\/"},"modified":"2020-10-22T18:19:36","modified_gmt":"2020-10-22T16:19:36","slug":"regulation","status":"publish","type":"page","link":"https:\/\/orsonfrance.com\/en\/emergency-population-warning-sirens\/regulation\/","title":{"rendered":"Regulation"},"content":{"rendered":"<div class=\"wpb-content-wrapper\"><p>[vc_row css=&#8221;.vc_custom_1599222713510{padding-top: 70px !important;padding-bottom: 30px !important;}&#8221;][vc_column width=&#8221;1\/2&#8243; css=&#8221;.vc_custom_1575452651949{padding-bottom: 60px !important;}&#8221;]<div id=\"ultimate-heading-47069edf9ef5806a\" class=\"uvc-heading ult-adjust-bottom-margin ultimate-heading-47069edf9ef5806a uvc-9779  uvc-heading-default-font-sizes\" data-hspacer=\"no_spacer\"  data-halign=\"left\" style=\"text-align:left\"><div class=\"uvc-heading-spacer no_spacer\" style=\"top\"><\/div><div class=\"uvc-main-heading ult-responsive\"  data-ultimate-target='.uvc-heading.ultimate-heading-47069edf9ef5806a h2'  data-responsive-json-new='{\"font-size\":\"\",\"line-height\":\"\"}' ><h2 style=\"font-weight:bold;color:#2989d8;margin-bottom:20px;\">Regulation<\/h2><\/div><div class=\"uvc-sub-heading ult-responsive\"  data-ultimate-target='.uvc-heading.ultimate-heading-47069edf9ef5806a .uvc-sub-heading '  data-responsive-json-new='{\"font-size\":\"desktop:24px;\",\"line-height\":\"desktop:30px;\"}'  style=\"font-weight:bold;color:#222222;margin-bottom:30px;\">Legislation for emergency population warning sirens<\/div><\/div>[vc_column_text css=&#8221;.vc_custom_1601238246167{padding-bottom: 30px !important;}&#8221;]In Europe, the catastrophic accident in the Italian town of Seveso in 1976 prompted the adoption of legislation on the prevention and control of such accidents. The so-called\u00a0<a href=\"http:\/\/eur-lex.europa.eu\/legal-content\/EN\/TXT\/?uri=CELEX:31982L0501\">Seveso-Directive<\/a>\u00a0was later amended in view of the lessons learned from later accidents such as Bhopal, Toulouse or Enschede resulting into\u00a0<a href=\"http:\/\/eur-lex.europa.eu\/legal-content\/EN\/TXT\/?uri=CELEX:01996L0082-20120813\">Seveso-II<\/a>. In 2012,\u00a0<a href=\"http:\/\/eur-lex.europa.eu\/legal-content\/EN\/TXT\/?uri=CELEX:32012L0018\">Seveso-III<\/a>\u00a0was adopted taking into account, amongst others, the changes in the Union legislation on the classification of chemicals and increased rights for citizens to access information and justice. It replaces the previous Seveso II directive.<\/p>\n<p>In any case, each one of our products do comply with European regulation.[\/vc_column_text][\/vc_column][vc_column width=&#8221;1\/2&#8243; css=&#8221;.vc_custom_1599164790494{margin-top: 10% !important;}&#8221;][\/vc_column][\/vc_row][vc_row css=&#8221;.vc_custom_1599223262159{padding-top: 0px !important;padding-bottom: 30px !important;}&#8221;][vc_column width=&#8221;1\/2&#8243; css=&#8221;.vc_custom_1575452651949{padding-bottom: 60px !important;}&#8221;]<div id=\"ultimate-heading-448869edf9ef58108\" class=\"uvc-heading ult-adjust-bottom-margin ultimate-heading-448869edf9ef58108 uvc-5863  uvc-heading-default-font-sizes\" data-hspacer=\"no_spacer\"  data-halign=\"left\" style=\"text-align:left\"><div class=\"uvc-heading-spacer no_spacer\" style=\"top\"><\/div><div class=\"uvc-main-heading ult-responsive\"  data-ultimate-target='.uvc-heading.ultimate-heading-448869edf9ef58108 h2'  data-responsive-json-new='{\"font-size\":\"\",\"line-height\":\"\"}' ><h2 style=\"font-weight:bold;color:#2989d8;margin-bottom:20px;\">Glossary<\/h2><\/div><div class=\"uvc-sub-heading ult-responsive\"  data-ultimate-target='.uvc-heading.ultimate-heading-448869edf9ef58108 .uvc-sub-heading '  data-responsive-json-new='{\"font-size\":\"desktop:24px;\",\"line-height\":\"desktop:30px;\"}'  style=\"font-weight:bold;color:#222222;margin-bottom:30px;\">PPI and POI warning signals vocabulary<\/div><\/div>[vc_column_text css=&#8221;.vc_custom_1601238392937{padding-bottom: 30px !important;}&#8221;]<span class=\"orson-red\">PPI :<\/span> Specific Response Plan<br \/>\n<span class=\"orson-red\">POI :<\/span> Internal Operation Plan<br \/>\n<span class=\"orson-red\">PUI :<\/span> Internal Emergency Plan<br \/>\n<span class=\"orson-red\">PPRT :<\/span> Technological Risks Prevention Plan<br \/>\n<span class=\"orson-red\">PPRM :<\/span> Major Risks Prevention Plan[\/vc_column_text][\/vc_column][vc_column width=&#8221;1\/2&#8243; css=&#8221;.vc_custom_1599164790494{margin-top: 10% !important;}&#8221;]<div class=\" vc_custom_1603311369279 ubtn-ctn-left buttcap anchor-link\"><a class=\"ubtn-link ult-adjust-bottom-margin ubtn-left ubtn-normal buttcap anchor-link\" href=\"https:\/\/orsonfrance.com\/en\/faq\/faq-warning-sirens\/\" title=\"FAQ warning sirens\" ><button type=\"button\" id=\"ubtn-2220\"  class=\"ubtn ult-adjust-bottom-margin ult-responsive ubtn-normal ubtn-left-bg  none  ubtn-left   tooltip-69edf9ef58169\"  data-hover=\"#ffffff\" data-border-color=\"\" data-bg=\"#ff0000\" data-hover-bg=\"#23282d\" data-border-hover=\"\" data-shadow-hover=\"\" data-shadow-click=\"none\" data-shadow=\"\" data-shd-shadow=\"\"  data-ultimate-target='#ubtn-2220'  data-responsive-json-new='{\"font-size\":\"desktop:18px;\",\"line-height\":\"desktop:24px;\"}'  style=\"font-family:&#039;Jura&#039;;font-weight:700;border:none;background: #ff0000;color: #ffffff;\"><span class=\"ubtn-hover\" style=\"background-color:#23282d\"><\/span><span class=\"ubtn-data ubtn-text \" >FAQ warning sirens<\/span><\/button><\/a><\/div>[\/vc_column][\/vc_row][vc_row full_width=&#8221;stretch_row&#8221; content_placement=&#8221;middle&#8221; bg_type=&#8221;grad&#8221; bg_override=&#8221;ex-full&#8221; css=&#8221;.vc_custom_1599117722701{padding-top: 80px !important;padding-bottom: 60px !important;background-color: rgba(10,80,161,0.5) !important;*background-color: rgb(10,80,161) !important;}&#8221; bg_grad=&#8221;background: -webkit-gradient(linear, left top, left bottom, color-stop(0%, #2989D8), color-stop(74%, #0A51A1));background: -moz-linear-gradient(135deg,#2989D8 0%,#0A51A1 74%);background: -webkit-linear-gradient(135deg,#2989D8 0%,#0A51A1 74%);background: -o-linear-gradient(135deg,#2989D8 0%,#0A51A1 74%);background: -ms-linear-gradient(135deg,#2989D8 0%,#0A51A1 74%);background: linear-gradient(135deg,#2989D8 0%,#0A51A1 74%);&#8221;][vc_column offset=&#8221;vc_col-lg-4 vc_col-md-12&#8243; css=&#8221;.vc_custom_1575378589868{padding-bottom: 20px !important;}&#8221;]<div id=\"ultimate-heading-132469edf9ef581f9\" class=\"uvc-heading ult-adjust-bottom-margin ultimate-heading-132469edf9ef581f9 uvc-4130  uvc-heading-default-font-sizes\" data-hspacer=\"no_spacer\"  data-halign=\"center\" style=\"text-align:center\"><div class=\"uvc-heading-spacer no_spacer\" style=\"top\"><\/div><div class=\"uvc-main-heading ult-responsive\"  data-ultimate-target='.uvc-heading.ultimate-heading-132469edf9ef581f9 h3'  data-responsive-json-new='{\"font-size\":\"\",\"line-height\":\"\"}' ><h3 style=\"font-weight:bold;color:#ffffff;margin-bottom:0px;\">Interested by the installation of an emergency population warning siren?<\/h3><\/div><\/div>[\/vc_column][vc_column offset=&#8221;vc_col-lg-4 vc_col-md-12&#8243; css=&#8221;.vc_custom_1575378595138{padding-bottom: 20px !important;}&#8221;]<div id=\"ultimate-heading-420969edf9ef58252\" class=\"uvc-heading ult-adjust-bottom-margin ultimate-heading-420969edf9ef58252 uvc-8740 \" data-hspacer=\"no_spacer\"  data-halign=\"center\" style=\"text-align:center\"><div class=\"uvc-heading-spacer no_spacer\" style=\"top\"><\/div><div class=\"uvc-main-heading ult-responsive\"  data-ultimate-target='.uvc-heading.ultimate-heading-420969edf9ef58252 div'  data-responsive-json-new='{\"font-size\":\"desktop:30px;\",\"line-height\":\"desktop:40px;\"}' ><div style=\"font-weight:bold;color:#ffffff;\">+33 (0)1 40 20 07 39<\/div><\/div><div class=\"uvc-sub-heading ult-responsive\"  data-ultimate-target='.uvc-heading.ultimate-heading-420969edf9ef58252 .uvc-sub-heading '  data-responsive-json-new='{\"font-size\":\"desktop:20px;\",\"line-height\":\"desktop:30px;\"}'  style=\"font-weight:normal;color:#ffffff;\"><a class=\"orson-white\" href=\"mailto:commercial@orsonfrance.com\">commercial@orsonfrance.com<\/a><\/div><\/div>[\/vc_column][vc_column offset=&#8221;vc_col-lg-4 vc_col-md-12 vc_col-xs-12&#8243; css=&#8221;.vc_custom_1575378844390{padding-bottom: 20px !important;}&#8221;]<style type=\"text\/css\" data-type=\"the7_shortcodes-inline-css\">#default-btn-efd70a2cc5c084b2930c10221b221d30 {\n  border-radius: 4px;\n  font-size: 16px;\n  line-height: 18px;\n}\n.btn-shadow#default-btn-efd70a2cc5c084b2930c10221b221d30 {\n  box-shadow: 0 1px 6px rgba(0,0,0,0.12);\n  transition: box-shadow 0.2s ease-out, opacity 0.45s;\n}\n.btn-shadow#default-btn-efd70a2cc5c084b2930c10221b221d30:hover {\n  box-shadow: 0 5px 11px 0 rgba(0,0,0,0.18), 0 4px 15px 0 rgba(0,0,0,0.15);\n}\n.btn-3d#default-btn-efd70a2cc5c084b2930c10221b221d30 {\n  box-shadow: 0px 2px 0px 0px #090909;\n}\n.btn-3d#default-btn-efd70a2cc5c084b2930c10221b221d30:hover {\n  box-shadow: 0px 2px 0px 0px #ae1313;\n}\n.btn-flat#default-btn-efd70a2cc5c084b2930c10221b221d30 {\n  box-shadow: none;\n}\n.btn-flat#default-btn-efd70a2cc5c084b2930c10221b221d30:hover {\n  box-shadow: none;\n}\n#default-btn-efd70a2cc5c084b2930c10221b221d30.ico-right-side > i {\n  margin-right: 0px;\n  margin-left: 8px;\n}\n#default-btn-efd70a2cc5c084b2930c10221b221d30 > i {\n  margin-right: 8px;\n  font-size: 16px;\n}\n#default-btn-efd70a2cc5c084b2930c10221b221d30:not(:hover) {\n  border-width: 0px;\n  color: #ffffff;\n  background: #23282d !important;\n  padding: 18px 12px 18px 12px;\n}\n#default-btn-efd70a2cc5c084b2930c10221b221d30:not(:hover) * {\n  color: #ffffff;\n}\n#default-btn-efd70a2cc5c084b2930c10221b221d30:hover {\n  border-width: 0px;\n  color: #ffffff;\n  background: #ff0000 !important;\n  padding: 18px 12px 18px 12px;\n}\n#default-btn-efd70a2cc5c084b2930c10221b221d30:hover * {\n  color: #ffffff;\n}\n#default-btn-efd70a2cc5c084b2930c10221b221d30.ico-right-side > i {\n  margin-right: 0px;\n  margin-left: 8px;\n}\n#default-btn-efd70a2cc5c084b2930c10221b221d30 > i {\n  margin-right: 8px;\n}<\/style><div class=\"btn-align-center\"><a href=\"https:\/\/orsonfrance.com\/contact\/\" class=\"default-btn-shortcode dt-btn link-hover-off ico-right-side btn-flat \" id=\"default-btn-efd70a2cc5c084b2930c10221b221d30\" style=\"width:240px;\" title=\"Contact Orson France, sp\u00e9cialiste des sir\u00e8nes d'alerte \u00e0 la population\"><span>Contact us<\/span><i class=\"icomoon-the7-font-the7-mail-011\"><\/i><\/a><\/div>[\/vc_column][\/vc_row][vc_row full_width=&#8221;stretch_row&#8221; equal_height=&#8221;yes&#8221; content_placement=&#8221;middle&#8221; bg_type=&#8221;image&#8221; parallax_style=&#8221;vcpb-default&#8221; bg_image_new=&#8221;id^3922|url^https:\/\/orsonfrance.com\/wp-content\/uploads\/2020\/07\/parallax-bg-home-orson-section-cta.jpg|caption^null|alt^null|title^parallax-bg-home-orson-section-cta|description^null&#8221; bg_image_repeat=&#8221;no-repeat&#8221; bg_img_attach=&#8221;fixed&#8221; bg_image_posiiton=&#8221;center bottom&#8221; bg_override=&#8221;ex-full&#8221; css=&#8221;.vc_custom_1599152392613{padding-top: 125px !important;padding-bottom: 95px !important;background-color: #0a50a1 !important;}&#8221;][vc_column width=&#8221;1\/2&#8243; css=&#8221;.vc_custom_1575463269081{padding-bottom: 30px !important;}&#8221; offset=&#8221;vc_col-lg-4 vc_col-md-4&#8243;]<div id=\"ultimate-heading-148869edf9ef5837e\" class=\"uvc-heading ult-adjust-bottom-margin ultimate-heading-148869edf9ef5837e uvc-8687  uvc-heading-default-font-sizes\" data-hspacer=\"no_spacer\"  data-halign=\"left\" style=\"text-align:left\"><div class=\"uvc-heading-spacer no_spacer\" style=\"top\"><\/div><div class=\"uvc-main-heading ult-responsive\"  data-ultimate-target='.uvc-heading.ultimate-heading-148869edf9ef5837e h3'  data-responsive-json-new='{\"font-size\":\"\",\"line-height\":\"\"}' ><h3 style=\"font-weight:bold;color:rgba(255,255,255,0.5);margin-bottom:20px;\">ORSON France<\/h3><\/div><div class=\"uvc-sub-heading ult-responsive\"  data-ultimate-target='.uvc-heading.ultimate-heading-148869edf9ef5837e .uvc-sub-heading '  data-responsive-json-new='{\"font-size\":\"desktop:34px;\",\"line-height\":\"desktop:44px;\"}'  style=\"font-weight:bold;color:#ffffff;\"><\/p>\n<p>Global Solutions Consulting, engineering, commissioning and maintenance<\/p>\n<p><\/div><\/div>[\/vc_column][vc_column width=&#8221;1\/2&#8243; css=&#8221;.vc_custom_1575463219104{padding-bottom: 30px !important;}&#8221; offset=&#8221;vc_col-lg-4 vc_col-md-4&#8243;][vc_column_text el_class=&#8221;orson-white&#8221;]<\/p>\n<p>Engineering, study, consulting and installation of acoustic solutions<br \/>\nPPI\/POI Emergency Population Warning Sirens, sound and air cleaning systems.<\/p>\n<p>[\/vc_column_text][\/vc_column][vc_column offset=&#8221;vc_col-lg-offset-0 vc_col-lg-4 vc_col-md-offset-0 vc_col-md-4 vc_col-sm-offset-0&#8243; css=&#8221;.vc_custom_1575463453249{padding-bottom: 30px !important;}&#8221;]<div id=\"ultimate-heading-693269edf9ef583cb\" class=\"uvc-heading ult-adjust-bottom-margin ultimate-heading-693269edf9ef583cb uvc-9106 \" data-hspacer=\"no_spacer\"  data-halign=\"center\" style=\"text-align:center\"><div class=\"uvc-heading-spacer no_spacer\" style=\"top\"><\/div><div class=\"uvc-main-heading ult-responsive\"  data-ultimate-target='.uvc-heading.ultimate-heading-693269edf9ef583cb h2'  data-responsive-json-new='{\"font-size\":\"desktop:28px;\",\"line-height\":\"desktop:38px;\"}' ><h2 style=\"font-weight:bold;color:#ff0000;\">+33 (0)1 40 20 07 39<\/h2><\/div><div class=\"uvc-sub-heading ult-responsive\"  data-ultimate-target='.uvc-heading.ultimate-heading-693269edf9ef583cb .uvc-sub-heading '  data-responsive-json-new='{\"font-size\":\"desktop:20px;\",\"line-height\":\"desktop:30px;\"}'  style=\"font-weight:normal;color:#ffffff;margin-bottom:30px;\"><\/p>\n<p>commercial@orsonfrance.com<\/p>\n<p><\/div><\/div><style type=\"text\/css\" data-type=\"the7_shortcodes-inline-css\">#default-btn-e8538689b1b502cd1aa31d049ee12c16 {\n  border-radius: 4px;\n  font-size: 16px;\n  line-height: 18px;\n}\n.btn-shadow#default-btn-e8538689b1b502cd1aa31d049ee12c16 {\n  box-shadow: 0 1px 6px rgba(0,0,0,0.12);\n  transition: box-shadow 0.2s ease-out, opacity 0.45s;\n}\n.btn-shadow#default-btn-e8538689b1b502cd1aa31d049ee12c16:hover {\n  box-shadow: 0 5px 11px 0 rgba(0,0,0,0.18), 0 4px 15px 0 rgba(0,0,0,0.15);\n}\n.btn-3d#default-btn-e8538689b1b502cd1aa31d049ee12c16:hover {\n  box-shadow: 0px 2px 0px 0px rgba(224,224,224,0.05);\n}\n.btn-flat#default-btn-e8538689b1b502cd1aa31d049ee12c16 {\n  box-shadow: none;\n}\n.btn-flat#default-btn-e8538689b1b502cd1aa31d049ee12c16:hover {\n  box-shadow: none;\n}\n#default-btn-e8538689b1b502cd1aa31d049ee12c16.ico-right-side > i {\n  margin-right: 0px;\n  margin-left: 8px;\n}\n#default-btn-e8538689b1b502cd1aa31d049ee12c16 > i {\n  margin-right: 8px;\n  font-size: 16px;\n}\n#default-btn-e8538689b1b502cd1aa31d049ee12c16:not(:hover) {\n  border-width: 3px;\n  border-color: rgba(255,255,255,0.3) !important;\n  color: #ffffff;\n  background: none !important;\n  padding: 16px 10px 16px 10px;\n}\n#default-btn-e8538689b1b502cd1aa31d049ee12c16:not(:hover) * {\n  color: #ffffff;\n}\n#default-btn-e8538689b1b502cd1aa31d049ee12c16:hover {\n  border-width: 3px;\n  border-color: rgba(255,255,255,0.45) !important;\n  color: #ffffff;\n  background: rgba(255,255,255,0.05) !important;\n  padding: 16px 10px 16px 10px;\n}\n#default-btn-e8538689b1b502cd1aa31d049ee12c16:hover * {\n  color: #ffffff;\n}\n#default-btn-e8538689b1b502cd1aa31d049ee12c16.ico-right-side > i {\n  margin-right: 0px;\n  margin-left: 8px;\n}\n#default-btn-e8538689b1b502cd1aa31d049ee12c16 > i {\n  margin-right: 8px;\n}<\/style><div class=\"btn-align-center\"><a href=\"https:\/\/orsonfrance.com\/en\/contact\/#!\/contact-form\" class=\"default-btn-shortcode dt-btn link-hover-off ico-right-side btn-flat \" id=\"default-btn-e8538689b1b502cd1aa31d049ee12c16\" style=\"width:240px;\" title=\"Contact form\"><span>Contact form<\/span><i class=\"icomoon-the7-font-the7-mail-01\"><\/i><\/a><\/div>[\/vc_column][\/vc_row]<\/p>\n<\/div>","protected":false},"excerpt":{"rendered":"<p>[vc_row css=&#8221;.vc_custom_1599222713510{padding-top: 70px !important;padding-bottom: 30px !important;}&#8221;][vc_column width=&#8221;1\/2&#8243; css=&#8221;.vc_custom_1575452651949{padding-bottom: 60px !important;}&#8221;][vc_column_text css=&#8221;.vc_custom_1601238246167{padding-bottom: 30px !important;}&#8221;]In Europe, the catastrophic accident in the Italian town of Seveso in 1976 prompted the adoption of legislation on the prevention and control of such accidents. The so-called\u00a0Seveso-Directive\u00a0was later amended in view of the lessons learned from later accidents such as Bhopal, Toulouse&hellip;<\/p>\n","protected":false},"author":1,"featured_media":6287,"parent":6618,"menu_order":10,"comment_status":"closed","ping_status":"closed","template":"","meta":{"footnotes":""},"class_list":["post-6649","page","type-page","status-publish","has-post-thumbnail","hentry","description-off"],"yoast_head":"<!-- This site is optimized with the Yoast SEO plugin v27.0 - https:\/\/yoast.com\/product\/yoast-seo-wordpress\/ -->\n<title>ORSON France |\u00a0Regulation<\/title>\n<meta name=\"description\" content=\"Regulation and legislation for emergency population warning sirens\" \/>\n<meta name=\"robots\" content=\"index, follow, max-snippet:-1, max-image-preview:large, max-video-preview:-1\" \/>\n<link rel=\"canonical\" href=\"https:\/\/orsonfrance.com\/en\/emergency-population-warning-sirens\/regulation\/\" \/>\n<meta property=\"og:locale\" content=\"en_US\" \/>\n<meta property=\"og:type\" content=\"article\" \/>\n<meta property=\"og:title\" content=\"ORSON France |\u00a0Regulation\" \/>\n<meta property=\"og:description\" content=\"Regulation and legislation for emergency population warning sirens\" \/>\n<meta property=\"og:url\" content=\"https:\/\/orsonfrance.com\/en\/emergency-population-warning-sirens\/regulation\/\" \/>\n<meta property=\"og:site_name\" content=\"Orson France, Sir\u00e8nes d&#039;alerte PPI-POI-PPMS\" \/>\n<meta property=\"article:modified_time\" content=\"2020-10-22T16:19:36+00:00\" \/>\n<meta property=\"og:image\" content=\"https:\/\/orsonfrance.com\/wp-content\/uploads\/2020\/09\/img-header-orson-sirene-alerte-legislation.jpg\" \/>\n\t<meta property=\"og:image:width\" content=\"1920\" \/>\n\t<meta property=\"og:image:height\" content=\"1080\" \/>\n\t<meta property=\"og:image:type\" content=\"image\/jpeg\" \/>\n<meta name=\"twitter:card\" content=\"summary_large_image\" \/>\n<meta name=\"twitter:label1\" content=\"Est. reading time\" \/>\n\t<meta name=\"twitter:data1\" content=\"5 minutes\" \/>\n<script type=\"application\/ld+json\" class=\"yoast-schema-graph\">{\"@context\":\"https:\/\/schema.org\",\"@graph\":[{\"@type\":\"WebPage\",\"@id\":\"https:\/\/orsonfrance.com\/en\/emergency-population-warning-sirens\/regulation\/\",\"url\":\"https:\/\/orsonfrance.com\/en\/emergency-population-warning-sirens\/regulation\/\",\"name\":\"ORSON France |\u00a0Regulation\",\"isPartOf\":{\"@id\":\"https:\/\/orsonfrance.com\/en\/#website\"},\"primaryImageOfPage\":{\"@id\":\"https:\/\/orsonfrance.com\/en\/emergency-population-warning-sirens\/regulation\/#primaryimage\"},\"image\":{\"@id\":\"https:\/\/orsonfrance.com\/en\/emergency-population-warning-sirens\/regulation\/#primaryimage\"},\"thumbnailUrl\":\"https:\/\/orsonfrance.com\/wp-content\/uploads\/2020\/09\/img-header-orson-sirene-alerte-legislation.jpg\",\"datePublished\":\"2020-09-04T12:23:29+00:00\",\"dateModified\":\"2020-10-22T16:19:36+00:00\",\"description\":\"Regulation and legislation for emergency population warning sirens\",\"breadcrumb\":{\"@id\":\"https:\/\/orsonfrance.com\/en\/emergency-population-warning-sirens\/regulation\/#breadcrumb\"},\"inLanguage\":\"en-US\",\"potentialAction\":[{\"@type\":\"ReadAction\",\"target\":[\"https:\/\/orsonfrance.com\/en\/emergency-population-warning-sirens\/regulation\/\"]}]},{\"@type\":\"ImageObject\",\"inLanguage\":\"en-US\",\"@id\":\"https:\/\/orsonfrance.com\/en\/emergency-population-warning-sirens\/regulation\/#primaryimage\",\"url\":\"https:\/\/orsonfrance.com\/wp-content\/uploads\/2020\/09\/img-header-orson-sirene-alerte-legislation.jpg\",\"contentUrl\":\"https:\/\/orsonfrance.com\/wp-content\/uploads\/2020\/09\/img-header-orson-sirene-alerte-legislation.jpg\",\"width\":1920,\"height\":1080},{\"@type\":\"BreadcrumbList\",\"@id\":\"https:\/\/orsonfrance.com\/en\/emergency-population-warning-sirens\/regulation\/#breadcrumb\",\"itemListElement\":[{\"@type\":\"ListItem\",\"position\":1,\"name\":\"Accueil\",\"item\":\"https:\/\/orsonfrance.com\/en\/\"},{\"@type\":\"ListItem\",\"position\":2,\"name\":\"Emergency population warning sirens\",\"item\":\"https:\/\/orsonfrance.com\/en\/emergency-population-warning-sirens\/\"},{\"@type\":\"ListItem\",\"position\":3,\"name\":\"Regulation\"}]},{\"@type\":\"WebSite\",\"@id\":\"https:\/\/orsonfrance.com\/en\/#website\",\"url\":\"https:\/\/orsonfrance.com\/en\/\",\"name\":\"Orson France, Sir\u00e8nes d&#039;alerte PPI-POI-PPMS\",\"description\":\"Sp\u00e9cialiste des sir\u00e8ne d&#039;alerte \u00e0 la population\",\"publisher\":{\"@id\":\"https:\/\/orsonfrance.com\/en\/#organization\"},\"potentialAction\":[{\"@type\":\"SearchAction\",\"target\":{\"@type\":\"EntryPoint\",\"urlTemplate\":\"https:\/\/orsonfrance.com\/en\/?s={search_term_string}\"},\"query-input\":{\"@type\":\"PropertyValueSpecification\",\"valueRequired\":true,\"valueName\":\"search_term_string\"}}],\"inLanguage\":\"en-US\"},{\"@type\":\"Organization\",\"@id\":\"https:\/\/orsonfrance.com\/en\/#organization\",\"name\":\"ORSON France\",\"url\":\"https:\/\/orsonfrance.com\/en\/\",\"logo\":{\"@type\":\"ImageObject\",\"inLanguage\":\"en-US\",\"@id\":\"https:\/\/orsonfrance.com\/en\/#\/schema\/logo\/image\/\",\"url\":\"https:\/\/orsonfrance.com\/wp-content\/uploads\/2020\/07\/logo-orson-france@2x.png\",\"contentUrl\":\"https:\/\/orsonfrance.com\/wp-content\/uploads\/2020\/07\/logo-orson-france@2x.png\",\"width\":338,\"height\":200,\"caption\":\"ORSON France\"},\"image\":{\"@id\":\"https:\/\/orsonfrance.com\/en\/#\/schema\/logo\/image\/\"}}]}<\/script>\n<!-- \/ Yoast SEO plugin. -->","yoast_head_json":{"title":"ORSON France |\u00a0Regulation","description":"Regulation and legislation for emergency population warning sirens","robots":{"index":"index","follow":"follow","max-snippet":"max-snippet:-1","max-image-preview":"max-image-preview:large","max-video-preview":"max-video-preview:-1"},"canonical":"https:\/\/orsonfrance.com\/en\/emergency-population-warning-sirens\/regulation\/","og_locale":"en_US","og_type":"article","og_title":"ORSON France |\u00a0Regulation","og_description":"Regulation and legislation for emergency population warning sirens","og_url":"https:\/\/orsonfrance.com\/en\/emergency-population-warning-sirens\/regulation\/","og_site_name":"Orson France, Sir\u00e8nes d&#039;alerte PPI-POI-PPMS","article_modified_time":"2020-10-22T16:19:36+00:00","og_image":[{"width":1920,"height":1080,"url":"https:\/\/orsonfrance.com\/wp-content\/uploads\/2020\/09\/img-header-orson-sirene-alerte-legislation.jpg","type":"image\/jpeg"}],"twitter_card":"summary_large_image","twitter_misc":{"Est. reading time":"5 minutes"},"schema":{"@context":"https:\/\/schema.org","@graph":[{"@type":"WebPage","@id":"https:\/\/orsonfrance.com\/en\/emergency-population-warning-sirens\/regulation\/","url":"https:\/\/orsonfrance.com\/en\/emergency-population-warning-sirens\/regulation\/","name":"ORSON France |\u00a0Regulation","isPartOf":{"@id":"https:\/\/orsonfrance.com\/en\/#website"},"primaryImageOfPage":{"@id":"https:\/\/orsonfrance.com\/en\/emergency-population-warning-sirens\/regulation\/#primaryimage"},"image":{"@id":"https:\/\/orsonfrance.com\/en\/emergency-population-warning-sirens\/regulation\/#primaryimage"},"thumbnailUrl":"https:\/\/orsonfrance.com\/wp-content\/uploads\/2020\/09\/img-header-orson-sirene-alerte-legislation.jpg","datePublished":"2020-09-04T12:23:29+00:00","dateModified":"2020-10-22T16:19:36+00:00","description":"Regulation and legislation for emergency population warning sirens","breadcrumb":{"@id":"https:\/\/orsonfrance.com\/en\/emergency-population-warning-sirens\/regulation\/#breadcrumb"},"inLanguage":"en-US","potentialAction":[{"@type":"ReadAction","target":["https:\/\/orsonfrance.com\/en\/emergency-population-warning-sirens\/regulation\/"]}]},{"@type":"ImageObject","inLanguage":"en-US","@id":"https:\/\/orsonfrance.com\/en\/emergency-population-warning-sirens\/regulation\/#primaryimage","url":"https:\/\/orsonfrance.com\/wp-content\/uploads\/2020\/09\/img-header-orson-sirene-alerte-legislation.jpg","contentUrl":"https:\/\/orsonfrance.com\/wp-content\/uploads\/2020\/09\/img-header-orson-sirene-alerte-legislation.jpg","width":1920,"height":1080},{"@type":"BreadcrumbList","@id":"https:\/\/orsonfrance.com\/en\/emergency-population-warning-sirens\/regulation\/#breadcrumb","itemListElement":[{"@type":"ListItem","position":1,"name":"Accueil","item":"https:\/\/orsonfrance.com\/en\/"},{"@type":"ListItem","position":2,"name":"Emergency population warning sirens","item":"https:\/\/orsonfrance.com\/en\/emergency-population-warning-sirens\/"},{"@type":"ListItem","position":3,"name":"Regulation"}]},{"@type":"WebSite","@id":"https:\/\/orsonfrance.com\/en\/#website","url":"https:\/\/orsonfrance.com\/en\/","name":"Orson France, Sir\u00e8nes d&#039;alerte PPI-POI-PPMS","description":"Sp\u00e9cialiste des sir\u00e8ne d&#039;alerte \u00e0 la population","publisher":{"@id":"https:\/\/orsonfrance.com\/en\/#organization"},"potentialAction":[{"@type":"SearchAction","target":{"@type":"EntryPoint","urlTemplate":"https:\/\/orsonfrance.com\/en\/?s={search_term_string}"},"query-input":{"@type":"PropertyValueSpecification","valueRequired":true,"valueName":"search_term_string"}}],"inLanguage":"en-US"},{"@type":"Organization","@id":"https:\/\/orsonfrance.com\/en\/#organization","name":"ORSON France","url":"https:\/\/orsonfrance.com\/en\/","logo":{"@type":"ImageObject","inLanguage":"en-US","@id":"https:\/\/orsonfrance.com\/en\/#\/schema\/logo\/image\/","url":"https:\/\/orsonfrance.com\/wp-content\/uploads\/2020\/07\/logo-orson-france@2x.png","contentUrl":"https:\/\/orsonfrance.com\/wp-content\/uploads\/2020\/07\/logo-orson-france@2x.png","width":338,"height":200,"caption":"ORSON France"},"image":{"@id":"https:\/\/orsonfrance.com\/en\/#\/schema\/logo\/image\/"}}]}},"_links":{"self":[{"href":"https:\/\/orsonfrance.com\/en\/wp-json\/wp\/v2\/pages\/6649","targetHints":{"allow":["GET"]}}],"collection":[{"href":"https:\/\/orsonfrance.com\/en\/wp-json\/wp\/v2\/pages"}],"about":[{"href":"https:\/\/orsonfrance.com\/en\/wp-json\/wp\/v2\/types\/page"}],"author":[{"embeddable":true,"href":"https:\/\/orsonfrance.com\/en\/wp-json\/wp\/v2\/users\/1"}],"replies":[{"embeddable":true,"href":"https:\/\/orsonfrance.com\/en\/wp-json\/wp\/v2\/comments?post=6649"}],"version-history":[{"count":0,"href":"https:\/\/orsonfrance.com\/en\/wp-json\/wp\/v2\/pages\/6649\/revisions"}],"up":[{"embeddable":true,"href":"https:\/\/orsonfrance.com\/en\/wp-json\/wp\/v2\/pages\/6618"}],"wp:featuredmedia":[{"embeddable":true,"href":"https:\/\/orsonfrance.com\/en\/wp-json\/wp\/v2\/media\/6287"}],"wp:attachment":[{"href":"https:\/\/orsonfrance.com\/en\/wp-json\/wp\/v2\/media?parent=6649"}],"curies":[{"name":"wp","href":"https:\/\/api.w.org\/{rel}","templated":true}]}}