{"id":8870,"date":"2020-09-24T15:23:51","date_gmt":"2020-09-24T13:23:51","guid":{"rendered":"https:\/\/orsonfrance.com\/?page_id=8870"},"modified":"2024-11-07T17:09:57","modified_gmt":"2024-11-07T16:09:57","slug":"cookie-policy","status":"publish","type":"page","link":"https:\/\/orsonfrance.com\/en\/cookie-policy\/","title":{"rendered":"Cookie policy"},"content":{"rendered":"\n<h4 class=\"wp-block-heading\">What is a cookie?<\/h4>\n\n\n\n<p>A cookie is a small text file stored on your computer, tablet or smartphone when you visit a website. Their purpose is to collect information about your browsing on the site and to provide you with personalized services. On your computer, cookies are managed by your web browser.<\/p>\n\n\n\n<h4 class=\"wp-block-heading\">What cookies does orsonfrance.com use?<\/h4>\n\n\n\n<p>Browsing the orsonfrance.com website may result in the installation of cookie(s) on the user&#8217;s computer, tablet or smartphone.<\/p>\n\n\n\n<p>The orsonfrance.com site uses Google analytics to collect anonymous statistics on its use by Internet users (pages consulted, number of visitors, browsers used, etc.). This data enables us to improve your access to information.<br>Google analytics cookies are stored on your computer.<\/p>\n\n\n\n<h4 class=\"wp-block-heading\">Cookie management<\/h4>\n\n\n\n<p>By authorizing these third-party services, you agree to the deposit and reading of cookies and the use of tracking technologies necessary for their proper operation.<\/p>\n\n\n\n<p>If you refuse to accept a cookie, you may not be able to access certain services. However, users may configure their computers as follows to refuse the installation of cookies:<\/p>\n\n\n\n<p>Cookies: <a href=\"https:\/\/www.cnil.fr\/fr\/cookies-les-outils-pour-les-maitriser\" target=\"_blank\" rel=\"noreferrer noopener nofollow\">tools for controlling them<\/a> (link to CNIL website)<\/p>\n\n\n\n<div style=\"height:30px\" aria-hidden=\"true\" class=\"wp-block-spacer\"><\/div>\n\n\n\n<h2 class=\"wp-block-heading\">Manage cookie preferences<\/h2>\n\n\n\n<a class=\"cky-banner-element\" style=\"text-decoration: underline; cursor: pointer;\">Cookie settings<\/a>\n\n\n\n<div style=\"height:30px\" aria-hidden=\"true\" class=\"wp-block-spacer\"><\/div>\n\n\n\n<h2 class=\"wp-block-heading\">List of Cookies<\/h2>\n\n\n\n<div class= \"cky-audit-table-element\"><\/div>\n","protected":false},"excerpt":{"rendered":"<p>What is a cookie? A cookie is a small text file stored on your computer, tablet or smartphone when you visit a website. Their purpose is to collect information about your browsing on the site and to provide you with personalized services. On your computer, cookies are managed by your web browser. What cookies does&hellip;<\/p>\n","protected":false},"author":1,"featured_media":0,"parent":0,"menu_order":11,"comment_status":"closed","ping_status":"closed","template":"","meta":{"footnotes":""},"class_list":["post-8870","page","type-page","status-publish","hentry","description-off"],"yoast_head":"<!-- This site is optimized with the Yoast SEO plugin v27.0 - https:\/\/yoast.com\/product\/yoast-seo-wordpress\/ -->\n<title>ORSON France |\u00a0Cookie policy<\/title>\n<meta name=\"description\" content=\"Cookie policy\" \/>\n<meta name=\"robots\" content=\"noindex, nofollow\" \/>\n<meta property=\"og:locale\" content=\"en_US\" \/>\n<meta property=\"og:type\" content=\"article\" \/>\n<meta property=\"og:title\" content=\"ORSON France |\u00a0Cookie policy\" \/>\n<meta property=\"og:description\" content=\"Cookie policy\" \/>\n<meta property=\"og:url\" content=\"https:\/\/orsonfrance.com\/en\/cookie-policy\/\" \/>\n<meta property=\"og:site_name\" content=\"Orson France, Sir\u00e8nes d&#039;alerte PPI-POI-PPMS\" \/>\n<meta property=\"article:modified_time\" content=\"2024-11-07T16:09:57+00:00\" \/>\n<meta name=\"twitter:card\" content=\"summary_large_image\" \/>\n<meta name=\"twitter:label1\" content=\"Est. reading time\" \/>\n\t<meta name=\"twitter:data1\" content=\"1 minute\" \/>\n<script type=\"application\/ld+json\" class=\"yoast-schema-graph\">{\"@context\":\"https:\/\/schema.org\",\"@graph\":[{\"@type\":\"WebPage\",\"@id\":\"https:\/\/orsonfrance.com\/en\/cookie-policy\/\",\"url\":\"https:\/\/orsonfrance.com\/en\/cookie-policy\/\",\"name\":\"ORSON France |\u00a0Cookie policy\",\"isPartOf\":{\"@id\":\"https:\/\/orsonfrance.com\/en\/#website\"},\"datePublished\":\"2020-09-24T13:23:51+00:00\",\"dateModified\":\"2024-11-07T16:09:57+00:00\",\"description\":\"Cookie policy\",\"breadcrumb\":{\"@id\":\"https:\/\/orsonfrance.com\/en\/cookie-policy\/#breadcrumb\"},\"inLanguage\":\"en-US\",\"potentialAction\":[{\"@type\":\"ReadAction\",\"target\":[\"https:\/\/orsonfrance.com\/en\/cookie-policy\/\"]}]},{\"@type\":\"BreadcrumbList\",\"@id\":\"https:\/\/orsonfrance.com\/en\/cookie-policy\/#breadcrumb\",\"itemListElement\":[{\"@type\":\"ListItem\",\"position\":1,\"name\":\"Accueil\",\"item\":\"https:\/\/orsonfrance.com\/en\/\"},{\"@type\":\"ListItem\",\"position\":2,\"name\":\"Cookie policy\"}]},{\"@type\":\"WebSite\",\"@id\":\"https:\/\/orsonfrance.com\/en\/#website\",\"url\":\"https:\/\/orsonfrance.com\/en\/\",\"name\":\"Orson France, Sir\u00e8nes d&#039;alerte PPI-POI-PPMS\",\"description\":\"Sp\u00e9cialiste des sir\u00e8ne d&#039;alerte \u00e0 la population\",\"publisher\":{\"@id\":\"https:\/\/orsonfrance.com\/en\/#organization\"},\"potentialAction\":[{\"@type\":\"SearchAction\",\"target\":{\"@type\":\"EntryPoint\",\"urlTemplate\":\"https:\/\/orsonfrance.com\/en\/?s={search_term_string}\"},\"query-input\":{\"@type\":\"PropertyValueSpecification\",\"valueRequired\":true,\"valueName\":\"search_term_string\"}}],\"inLanguage\":\"en-US\"},{\"@type\":\"Organization\",\"@id\":\"https:\/\/orsonfrance.com\/en\/#organization\",\"name\":\"ORSON France\",\"url\":\"https:\/\/orsonfrance.com\/en\/\",\"logo\":{\"@type\":\"ImageObject\",\"inLanguage\":\"en-US\",\"@id\":\"https:\/\/orsonfrance.com\/en\/#\/schema\/logo\/image\/\",\"url\":\"https:\/\/orsonfrance.com\/wp-content\/uploads\/2020\/07\/logo-orson-france@2x.png\",\"contentUrl\":\"https:\/\/orsonfrance.com\/wp-content\/uploads\/2020\/07\/logo-orson-france@2x.png\",\"width\":338,\"height\":200,\"caption\":\"ORSON France\"},\"image\":{\"@id\":\"https:\/\/orsonfrance.com\/en\/#\/schema\/logo\/image\/\"}}]}<\/script>\n<!-- \/ Yoast SEO plugin. -->","yoast_head_json":{"title":"ORSON France |\u00a0Cookie policy","description":"Cookie policy","robots":{"index":"noindex","follow":"nofollow"},"og_locale":"en_US","og_type":"article","og_title":"ORSON France |\u00a0Cookie policy","og_description":"Cookie policy","og_url":"https:\/\/orsonfrance.com\/en\/cookie-policy\/","og_site_name":"Orson France, Sir\u00e8nes d&#039;alerte PPI-POI-PPMS","article_modified_time":"2024-11-07T16:09:57+00:00","twitter_card":"summary_large_image","twitter_misc":{"Est. reading time":"1 minute"},"schema":{"@context":"https:\/\/schema.org","@graph":[{"@type":"WebPage","@id":"https:\/\/orsonfrance.com\/en\/cookie-policy\/","url":"https:\/\/orsonfrance.com\/en\/cookie-policy\/","name":"ORSON France |\u00a0Cookie policy","isPartOf":{"@id":"https:\/\/orsonfrance.com\/en\/#website"},"datePublished":"2020-09-24T13:23:51+00:00","dateModified":"2024-11-07T16:09:57+00:00","description":"Cookie policy","breadcrumb":{"@id":"https:\/\/orsonfrance.com\/en\/cookie-policy\/#breadcrumb"},"inLanguage":"en-US","potentialAction":[{"@type":"ReadAction","target":["https:\/\/orsonfrance.com\/en\/cookie-policy\/"]}]},{"@type":"BreadcrumbList","@id":"https:\/\/orsonfrance.com\/en\/cookie-policy\/#breadcrumb","itemListElement":[{"@type":"ListItem","position":1,"name":"Accueil","item":"https:\/\/orsonfrance.com\/en\/"},{"@type":"ListItem","position":2,"name":"Cookie policy"}]},{"@type":"WebSite","@id":"https:\/\/orsonfrance.com\/en\/#website","url":"https:\/\/orsonfrance.com\/en\/","name":"Orson France, Sir\u00e8nes d&#039;alerte PPI-POI-PPMS","description":"Sp\u00e9cialiste des sir\u00e8ne d&#039;alerte \u00e0 la population","publisher":{"@id":"https:\/\/orsonfrance.com\/en\/#organization"},"potentialAction":[{"@type":"SearchAction","target":{"@type":"EntryPoint","urlTemplate":"https:\/\/orsonfrance.com\/en\/?s={search_term_string}"},"query-input":{"@type":"PropertyValueSpecification","valueRequired":true,"valueName":"search_term_string"}}],"inLanguage":"en-US"},{"@type":"Organization","@id":"https:\/\/orsonfrance.com\/en\/#organization","name":"ORSON France","url":"https:\/\/orsonfrance.com\/en\/","logo":{"@type":"ImageObject","inLanguage":"en-US","@id":"https:\/\/orsonfrance.com\/en\/#\/schema\/logo\/image\/","url":"https:\/\/orsonfrance.com\/wp-content\/uploads\/2020\/07\/logo-orson-france@2x.png","contentUrl":"https:\/\/orsonfrance.com\/wp-content\/uploads\/2020\/07\/logo-orson-france@2x.png","width":338,"height":200,"caption":"ORSON France"},"image":{"@id":"https:\/\/orsonfrance.com\/en\/#\/schema\/logo\/image\/"}}]}},"_links":{"self":[{"href":"https:\/\/orsonfrance.com\/en\/wp-json\/wp\/v2\/pages\/8870","targetHints":{"allow":["GET"]}}],"collection":[{"href":"https:\/\/orsonfrance.com\/en\/wp-json\/wp\/v2\/pages"}],"about":[{"href":"https:\/\/orsonfrance.com\/en\/wp-json\/wp\/v2\/types\/page"}],"author":[{"embeddable":true,"href":"https:\/\/orsonfrance.com\/en\/wp-json\/wp\/v2\/users\/1"}],"replies":[{"embeddable":true,"href":"https:\/\/orsonfrance.com\/en\/wp-json\/wp\/v2\/comments?post=8870"}],"version-history":[{"count":0,"href":"https:\/\/orsonfrance.com\/en\/wp-json\/wp\/v2\/pages\/8870\/revisions"}],"wp:attachment":[{"href":"https:\/\/orsonfrance.com\/en\/wp-json\/wp\/v2\/media?parent=8870"}],"curies":[{"name":"wp","href":"https:\/\/api.w.org\/{rel}","templated":true}]}}