{"id":7361,"date":"2020-09-18T15:20:15","date_gmt":"2020-09-18T13:20:15","guid":{"rendered":"https:\/\/orsonfrance.com\/contatto\/richiedi-un-richiamo-per-telefono\/"},"modified":"2020-10-22T22:42:30","modified_gmt":"2020-10-22T20:42:30","slug":"richiedi-un-richiamo-per-telefono","status":"publish","type":"page","link":"https:\/\/orsonfrance.com\/it\/contatti\/richiedi-un-richiamo-per-telefono\/","title":{"rendered":"Richiedi un richiamo per telefono"},"content":{"rendered":"<div class=\"wpb-content-wrapper\"><p>[vc_row css=&#8221;.vc_custom_1596016990908{padding-top: 0px !important;padding-bottom: 0px !important;}&#8221;][vc_column offset=&#8221;vc_col-lg-offset-0 vc_col-lg-12 vc_col-md-offset-0 vc_col-md-12 vc_col-sm-offset-0 vc_col-xs-12&#8243; css=&#8221;.vc_custom_1596018527913{padding-bottom: 0px !important;}&#8221;][vc_row_inner][vc_column_inner width=&#8221;1\/2&#8243; css=&#8221;.vc_custom_1595509059974{margin-bottom: 45px !important;border-right-width: 1px !important;padding-top: 50px !important;padding-bottom: 50px !important;border-right-color: #0a50a1 !important;border-right-style: solid !important;}&#8221; offset=&#8221;vc_col-lg-offset-0 vc_col-md-offset-0 vc_col-sm-offset-0 vc_col-xs-6&#8243;][\/vc_column_inner][\/vc_row_inner][vc_row_inner css=&#8221;.vc_custom_1600422885331{padding-bottom: 60px !important;}&#8221;][vc_column_inner offset=&#8221;vc_col-lg-offset-2 vc_col-lg-8&#8243;]<div id=\"ultimate-heading-573169df554a9d872\" class=\"uvc-heading ult-adjust-bottom-margin ultimate-heading-573169df554a9d872 uvc-6966 \" data-hspacer=\"no_spacer\"  data-halign=\"center\" style=\"text-align:center\"><div class=\"uvc-heading-spacer no_spacer\" style=\"top\"><\/div><div class=\"uvc-main-heading ult-responsive\"  data-ultimate-target='.uvc-heading.ultimate-heading-573169df554a9d872 h2'  data-responsive-json-new='{\"font-size\":\"desktop:50px;\",\"line-height\":\"desktop:60px;\"}' ><h2 style=\"font-weight:bold;margin-bottom:10px;\">Essere richiamati per telefono<\/h2><\/div><div class=\"uvc-sub-heading ult-responsive\"  data-ultimate-target='.uvc-heading.ultimate-heading-573169df554a9d872 .uvc-sub-heading '  data-responsive-json-new='{\"font-size\":\"\",\"line-height\":\"\"}'  style=\"font-weight:normal;\">Un consulente di Orson France \u00e8 al vostro servizio!<\/div><\/div>[vc_empty_space height=&#8221;30px&#8221;][vc_separator color=&#8221;custom&#8221; el_width=&#8221;20&#8243; accent_color=&#8221;rgba(10,80,161,0.15)&#8221;][vc_empty_space height=&#8221;30px&#8221;][\/vc_column_inner][\/vc_row_inner][\/vc_column][\/vc_row][vc_row full_width=&#8221;stretch_row&#8221; equal_height=&#8221;yes&#8221; content_placement=&#8221;middle&#8221; bg_type=&#8221;image&#8221; parallax_style=&#8221;vcpb-default&#8221; bg_image_new=&#8221;id^3922|url^https:\/\/orsonfrance.com\/wp-content\/uploads\/2020\/07\/parallax-bg-home-orson-section-cta.jpg|caption^null|alt^null|title^parallax-bg-home-orson-section-cta|description^null&#8221; bg_image_repeat=&#8221;no-repeat&#8221; bg_img_attach=&#8221;fixed&#8221; bg_image_posiiton=&#8221;center bottom&#8221; bg_override=&#8221;ex-full&#8221; css=&#8221;.vc_custom_1600423134078{margin-top: 60px !important;padding-top: 125px !important;padding-bottom: 95px !important;background-color: #0a50a1 !important;}&#8221;][vc_column width=&#8221;1\/2&#8243; css=&#8221;.vc_custom_1575463269081{padding-bottom: 30px !important;}&#8221; offset=&#8221;vc_col-lg-4 vc_col-md-4&#8243;]<div id=\"ultimate-heading-240069df554aa4fd0\" class=\"uvc-heading ult-adjust-bottom-margin ultimate-heading-240069df554aa4fd0 uvc-9380  uvc-heading-default-font-sizes\" data-hspacer=\"no_spacer\"  data-halign=\"left\" style=\"text-align:left\"><div class=\"uvc-heading-spacer no_spacer\" style=\"top\"><\/div><div class=\"uvc-main-heading ult-responsive\"  data-ultimate-target='.uvc-heading.ultimate-heading-240069df554aa4fd0 h3'  data-responsive-json-new='{\"font-size\":\"\",\"line-height\":\"\"}' ><h3 style=\"font-weight:bold;color:rgba(255,255,255,0.5);margin-bottom:20px;\">ORSON France<\/h3><\/div><div class=\"uvc-sub-heading ult-responsive\"  data-ultimate-target='.uvc-heading.ultimate-heading-240069df554aa4fd0 .uvc-sub-heading '  data-responsive-json-new='{\"font-size\":\"desktop:34px;\",\"line-height\":\"desktop:44px;\"}'  style=\"font-weight:bold;color:#ffffff;\"><\/p>\n<p>Soluzioni globali<br \/>\nConsulenza, studio tecnico, realizzazione e manutenzione<\/p>\n<p><\/div><\/div>[\/vc_column][vc_column width=&#8221;1\/2&#8243; css=&#8221;.vc_custom_1575463219104{padding-bottom: 30px !important;}&#8221; offset=&#8221;vc_col-lg-4 vc_col-md-4&#8243;][vc_column_text el_class=&#8221;orson-white&#8221;]<\/p>\n<p>Studio tecnico, ingegneria, consulenza e installazione di soluzioni acustici.<br \/>\nSirene di allertamento della popolazione PEI\/PEE e sistemi di pulizia acustica.<\/p>\n<p>[\/vc_column_text][\/vc_column][vc_column offset=&#8221;vc_col-lg-offset-0 vc_col-lg-4 vc_col-md-offset-0 vc_col-md-4 vc_col-sm-offset-0&#8243; css=&#8221;.vc_custom_1575463453249{padding-bottom: 30px !important;}&#8221;]<div id=\"ultimate-heading-720969df554aa5078\" class=\"uvc-heading ult-adjust-bottom-margin ultimate-heading-720969df554aa5078 uvc-6714 \" data-hspacer=\"no_spacer\"  data-halign=\"center\" style=\"text-align:center\"><div class=\"uvc-heading-spacer no_spacer\" style=\"top\"><\/div><div class=\"uvc-main-heading ult-responsive\"  data-ultimate-target='.uvc-heading.ultimate-heading-720969df554aa5078 h2'  data-responsive-json-new='{\"font-size\":\"desktop:28px;\",\"line-height\":\"desktop:38px;\"}' ><h2 style=\"font-weight:bold;color:#ff0000;\">+33 (0)1 40 20 07 39<\/h2><\/div><div class=\"uvc-sub-heading ult-responsive\"  data-ultimate-target='.uvc-heading.ultimate-heading-720969df554aa5078 .uvc-sub-heading '  data-responsive-json-new='{\"font-size\":\"desktop:20px;\",\"line-height\":\"desktop:30px;\"}'  style=\"font-weight:normal;color:#ffffff;margin-bottom:30px;\"><\/p>\n<p>commercial@orsonfrance.com<\/p>\n<p><\/div><\/div><style type=\"text\/css\" data-type=\"the7_shortcodes-inline-css\">#default-btn-bfea783f050d62ebdf408acb863b9f24 {\n  border-radius: 4px;\n  font-size: 16px;\n  line-height: 18px;\n}\n.btn-shadow#default-btn-bfea783f050d62ebdf408acb863b9f24 {\n  box-shadow: 0 1px 6px rgba(0,0,0,0.12);\n  transition: box-shadow 0.2s ease-out, opacity 0.45s;\n}\n.btn-shadow#default-btn-bfea783f050d62ebdf408acb863b9f24:hover {\n  box-shadow: 0 5px 11px 0 rgba(0,0,0,0.18), 0 4px 15px 0 rgba(0,0,0,0.15);\n}\n.btn-3d#default-btn-bfea783f050d62ebdf408acb863b9f24:hover {\n  box-shadow: 0px 2px 0px 0px rgba(224,224,224,0.05);\n}\n.btn-flat#default-btn-bfea783f050d62ebdf408acb863b9f24 {\n  box-shadow: none;\n}\n.btn-flat#default-btn-bfea783f050d62ebdf408acb863b9f24:hover {\n  box-shadow: none;\n}\n#default-btn-bfea783f050d62ebdf408acb863b9f24.ico-right-side > i {\n  margin-right: 0px;\n  margin-left: 8px;\n}\n#default-btn-bfea783f050d62ebdf408acb863b9f24 > i {\n  margin-right: 8px;\n  font-size: 16px;\n}\n#default-btn-bfea783f050d62ebdf408acb863b9f24:not(:hover) {\n  border-width: 3px;\n  border-color: rgba(255,255,255,0.3) !important;\n  color: #ffffff;\n  background: none !important;\n  padding: 16px 10px 16px 10px;\n}\n#default-btn-bfea783f050d62ebdf408acb863b9f24:not(:hover) * {\n  color: #ffffff;\n}\n#default-btn-bfea783f050d62ebdf408acb863b9f24:hover {\n  border-width: 3px;\n  border-color: rgba(255,255,255,0.45) !important;\n  color: #ffffff;\n  background: rgba(255,255,255,0.05) !important;\n  padding: 16px 10px 16px 10px;\n}\n#default-btn-bfea783f050d62ebdf408acb863b9f24:hover * {\n  color: #ffffff;\n}\n#default-btn-bfea783f050d62ebdf408acb863b9f24.ico-right-side > i {\n  margin-right: 0px;\n  margin-left: 8px;\n}\n#default-btn-bfea783f050d62ebdf408acb863b9f24 > i {\n  margin-right: 8px;\n}<\/style><div class=\"btn-align-center\"><a href=\"https:\/\/orsonfrance.com\/it\/contatti\/#!\/dove-trovarci\" class=\"default-btn-shortcode dt-btn link-hover-off ico-right-side anchor-link btn-flat \" id=\"default-btn-bfea783f050d62ebdf408acb863b9f24\" style=\"width:240px;\" title=\"Dove trovarci\"><span>Dove trovarci?<\/span><i class=\"icomoon-the7-font-the7-mail-01\"><\/i><\/a><\/div>[\/vc_column][\/vc_row]<\/p>\n<\/div>","protected":false},"excerpt":{"rendered":"<p>[vc_row css=&#8221;.vc_custom_1596016990908{padding-top: 0px !important;padding-bottom: 0px !important;}&#8221;][vc_column offset=&#8221;vc_col-lg-offset-0 vc_col-lg-12 vc_col-md-offset-0 vc_col-md-12 vc_col-sm-offset-0 vc_col-xs-12&#8243; css=&#8221;.vc_custom_1596018527913{padding-bottom: 0px !important;}&#8221;][vc_row_inner][vc_column_inner width=&#8221;1\/2&#8243; css=&#8221;.vc_custom_1595509059974{margin-bottom: 45px !important;border-right-width: 1px !important;padding-top: 50px !important;padding-bottom: 50px !important;border-right-color: #0a50a1 !important;border-right-style: solid !important;}&#8221; offset=&#8221;vc_col-lg-offset-0 vc_col-md-offset-0 vc_col-sm-offset-0 vc_col-xs-6&#8243;][\/vc_column_inner][\/vc_row_inner][vc_row_inner css=&#8221;.vc_custom_1600422885331{padding-bottom: 60px !important;}&#8221;][vc_column_inner offset=&#8221;vc_col-lg-offset-2 vc_col-lg-8&#8243;][vc_empty_space height=&#8221;30px&#8221;][vc_separator color=&#8221;custom&#8221; el_width=&#8221;20&#8243; accent_color=&#8221;rgba(10,80,161,0.15)&#8221;][vc_empty_space height=&#8221;30px&#8221;][\/vc_column_inner][\/vc_row_inner][\/vc_column][\/vc_row][vc_row full_width=&#8221;stretch_row&#8221; equal_height=&#8221;yes&#8221; content_placement=&#8221;middle&#8221; bg_type=&#8221;image&#8221; parallax_style=&#8221;vcpb-default&#8221; bg_image_new=&#8221;id^3922|url^https:\/\/orsonfrance.com\/wp-content\/uploads\/2020\/07\/parallax-bg-home-orson-section-cta.jpg|caption^null|alt^null|title^parallax-bg-home-orson-section-cta|description^null&#8221; bg_image_repeat=&#8221;no-repeat&#8221; bg_img_attach=&#8221;fixed&#8221; bg_image_posiiton=&#8221;center bottom&#8221; bg_override=&#8221;ex-full&#8221; css=&#8221;.vc_custom_1600423134078{margin-top:&hellip;<\/p>\n","protected":false},"author":1,"featured_media":6318,"parent":7350,"menu_order":2,"comment_status":"closed","ping_status":"closed","template":"","meta":{"footnotes":""},"class_list":["post-7361","page","type-page","status-publish","has-post-thumbnail","hentry","description-off"],"yoast_head":"<!-- This site is optimized with the Yoast SEO plugin v27.0 - https:\/\/yoast.com\/product\/yoast-seo-wordpress\/ -->\n<title>ORSON France |\u00a0Richiedi un richiamo per telefono<\/title>\n<meta name=\"description\" content=\"Richiedi un richiamo per telefono\" \/>\n<meta name=\"robots\" content=\"index, follow, max-snippet:-1, max-image-preview:large, max-video-preview:-1\" \/>\n<link rel=\"canonical\" href=\"https:\/\/orsonfrance.com\/it\/contatti\/richiedi-un-richiamo-per-telefono\/\" \/>\n<meta property=\"og:locale\" content=\"it_IT\" \/>\n<meta property=\"og:type\" content=\"article\" \/>\n<meta property=\"og:title\" content=\"ORSON France |\u00a0Richiedi un richiamo per telefono\" \/>\n<meta property=\"og:description\" content=\"Richiedi un richiamo per telefono\" \/>\n<meta property=\"og:url\" content=\"https:\/\/orsonfrance.com\/it\/contatti\/richiedi-un-richiamo-per-telefono\/\" \/>\n<meta property=\"og:site_name\" content=\"Orson France, Sir\u00e8nes d&#039;alerte PPI-POI-PPMS\" \/>\n<meta property=\"article:modified_time\" content=\"2020-10-22T20:42:30+00:00\" \/>\n<meta property=\"og:image\" content=\"https:\/\/orsonfrance.com\/wp-content\/uploads\/2020\/09\/img-header-orson-demande-de-diagnostic-acoustique-sirene-alerte.jpg\" \/>\n\t<meta property=\"og:image:width\" content=\"1920\" \/>\n\t<meta property=\"og:image:height\" content=\"1080\" \/>\n\t<meta property=\"og:image:type\" content=\"image\/jpeg\" \/>\n<meta name=\"twitter:card\" content=\"summary_large_image\" \/>\n<meta name=\"twitter:label1\" content=\"Tempo di lettura stimato\" \/>\n\t<meta name=\"twitter:data1\" content=\"3 minuti\" \/>\n<script type=\"application\/ld+json\" class=\"yoast-schema-graph\">{\"@context\":\"https:\/\/schema.org\",\"@graph\":[{\"@type\":[\"WebPage\",\"ContactPage\"],\"@id\":\"https:\/\/orsonfrance.com\/it\/contatti\/richiedi-un-richiamo-per-telefono\/\",\"url\":\"https:\/\/orsonfrance.com\/it\/contatti\/richiedi-un-richiamo-per-telefono\/\",\"name\":\"ORSON France |\u00a0Richiedi un richiamo per telefono\",\"isPartOf\":{\"@id\":\"https:\/\/orsonfrance.com\/it\/#website\"},\"primaryImageOfPage\":{\"@id\":\"https:\/\/orsonfrance.com\/it\/contatti\/richiedi-un-richiamo-per-telefono\/#primaryimage\"},\"image\":{\"@id\":\"https:\/\/orsonfrance.com\/it\/contatti\/richiedi-un-richiamo-per-telefono\/#primaryimage\"},\"thumbnailUrl\":\"https:\/\/orsonfrance.com\/wp-content\/uploads\/2020\/09\/img-header-orson-demande-de-diagnostic-acoustique-sirene-alerte.jpg\",\"datePublished\":\"2020-09-18T13:20:15+00:00\",\"dateModified\":\"2020-10-22T20:42:30+00:00\",\"description\":\"Richiedi un richiamo per telefono\",\"breadcrumb\":{\"@id\":\"https:\/\/orsonfrance.com\/it\/contatti\/richiedi-un-richiamo-per-telefono\/#breadcrumb\"},\"inLanguage\":\"it-IT\",\"potentialAction\":[{\"@type\":\"ReadAction\",\"target\":[\"https:\/\/orsonfrance.com\/it\/contatti\/richiedi-un-richiamo-per-telefono\/\"]}]},{\"@type\":\"ImageObject\",\"inLanguage\":\"it-IT\",\"@id\":\"https:\/\/orsonfrance.com\/it\/contatti\/richiedi-un-richiamo-per-telefono\/#primaryimage\",\"url\":\"https:\/\/orsonfrance.com\/wp-content\/uploads\/2020\/09\/img-header-orson-demande-de-diagnostic-acoustique-sirene-alerte.jpg\",\"contentUrl\":\"https:\/\/orsonfrance.com\/wp-content\/uploads\/2020\/09\/img-header-orson-demande-de-diagnostic-acoustique-sirene-alerte.jpg\",\"width\":1920,\"height\":1080},{\"@type\":\"BreadcrumbList\",\"@id\":\"https:\/\/orsonfrance.com\/it\/contatti\/richiedi-un-richiamo-per-telefono\/#breadcrumb\",\"itemListElement\":[{\"@type\":\"ListItem\",\"position\":1,\"name\":\"Accueil\",\"item\":\"https:\/\/orsonfrance.com\/it\/\"},{\"@type\":\"ListItem\",\"position\":2,\"name\":\"Contatti\",\"item\":\"https:\/\/orsonfrance.com\/it\/contatti\/\"},{\"@type\":\"ListItem\",\"position\":3,\"name\":\"Richiedi un richiamo per telefono\"}]},{\"@type\":\"WebSite\",\"@id\":\"https:\/\/orsonfrance.com\/it\/#website\",\"url\":\"https:\/\/orsonfrance.com\/it\/\",\"name\":\"Orson France, Sir\u00e8nes d&#039;alerte PPI-POI-PPMS\",\"description\":\"Sp\u00e9cialiste des sir\u00e8ne d&#039;alerte \u00e0 la population\",\"publisher\":{\"@id\":\"https:\/\/orsonfrance.com\/it\/#organization\"},\"potentialAction\":[{\"@type\":\"SearchAction\",\"target\":{\"@type\":\"EntryPoint\",\"urlTemplate\":\"https:\/\/orsonfrance.com\/it\/?s={search_term_string}\"},\"query-input\":{\"@type\":\"PropertyValueSpecification\",\"valueRequired\":true,\"valueName\":\"search_term_string\"}}],\"inLanguage\":\"it-IT\"},{\"@type\":\"Organization\",\"@id\":\"https:\/\/orsonfrance.com\/it\/#organization\",\"name\":\"ORSON France\",\"url\":\"https:\/\/orsonfrance.com\/it\/\",\"logo\":{\"@type\":\"ImageObject\",\"inLanguage\":\"it-IT\",\"@id\":\"https:\/\/orsonfrance.com\/it\/#\/schema\/logo\/image\/\",\"url\":\"https:\/\/orsonfrance.com\/wp-content\/uploads\/2020\/07\/logo-orson-france@2x.png\",\"contentUrl\":\"https:\/\/orsonfrance.com\/wp-content\/uploads\/2020\/07\/logo-orson-france@2x.png\",\"width\":338,\"height\":200,\"caption\":\"ORSON France\"},\"image\":{\"@id\":\"https:\/\/orsonfrance.com\/it\/#\/schema\/logo\/image\/\"}}]}<\/script>\n<!-- \/ Yoast SEO plugin. -->","yoast_head_json":{"title":"ORSON France |\u00a0Richiedi un richiamo per telefono","description":"Richiedi un richiamo per telefono","robots":{"index":"index","follow":"follow","max-snippet":"max-snippet:-1","max-image-preview":"max-image-preview:large","max-video-preview":"max-video-preview:-1"},"canonical":"https:\/\/orsonfrance.com\/it\/contatti\/richiedi-un-richiamo-per-telefono\/","og_locale":"it_IT","og_type":"article","og_title":"ORSON France |\u00a0Richiedi un richiamo per telefono","og_description":"Richiedi un richiamo per telefono","og_url":"https:\/\/orsonfrance.com\/it\/contatti\/richiedi-un-richiamo-per-telefono\/","og_site_name":"Orson France, Sir\u00e8nes d&#039;alerte PPI-POI-PPMS","article_modified_time":"2020-10-22T20:42:30+00:00","og_image":[{"width":1920,"height":1080,"url":"https:\/\/orsonfrance.com\/wp-content\/uploads\/2020\/09\/img-header-orson-demande-de-diagnostic-acoustique-sirene-alerte.jpg","type":"image\/jpeg"}],"twitter_card":"summary_large_image","twitter_misc":{"Tempo di lettura stimato":"3 minuti"},"schema":{"@context":"https:\/\/schema.org","@graph":[{"@type":["WebPage","ContactPage"],"@id":"https:\/\/orsonfrance.com\/it\/contatti\/richiedi-un-richiamo-per-telefono\/","url":"https:\/\/orsonfrance.com\/it\/contatti\/richiedi-un-richiamo-per-telefono\/","name":"ORSON France |\u00a0Richiedi un richiamo per telefono","isPartOf":{"@id":"https:\/\/orsonfrance.com\/it\/#website"},"primaryImageOfPage":{"@id":"https:\/\/orsonfrance.com\/it\/contatti\/richiedi-un-richiamo-per-telefono\/#primaryimage"},"image":{"@id":"https:\/\/orsonfrance.com\/it\/contatti\/richiedi-un-richiamo-per-telefono\/#primaryimage"},"thumbnailUrl":"https:\/\/orsonfrance.com\/wp-content\/uploads\/2020\/09\/img-header-orson-demande-de-diagnostic-acoustique-sirene-alerte.jpg","datePublished":"2020-09-18T13:20:15+00:00","dateModified":"2020-10-22T20:42:30+00:00","description":"Richiedi un richiamo per telefono","breadcrumb":{"@id":"https:\/\/orsonfrance.com\/it\/contatti\/richiedi-un-richiamo-per-telefono\/#breadcrumb"},"inLanguage":"it-IT","potentialAction":[{"@type":"ReadAction","target":["https:\/\/orsonfrance.com\/it\/contatti\/richiedi-un-richiamo-per-telefono\/"]}]},{"@type":"ImageObject","inLanguage":"it-IT","@id":"https:\/\/orsonfrance.com\/it\/contatti\/richiedi-un-richiamo-per-telefono\/#primaryimage","url":"https:\/\/orsonfrance.com\/wp-content\/uploads\/2020\/09\/img-header-orson-demande-de-diagnostic-acoustique-sirene-alerte.jpg","contentUrl":"https:\/\/orsonfrance.com\/wp-content\/uploads\/2020\/09\/img-header-orson-demande-de-diagnostic-acoustique-sirene-alerte.jpg","width":1920,"height":1080},{"@type":"BreadcrumbList","@id":"https:\/\/orsonfrance.com\/it\/contatti\/richiedi-un-richiamo-per-telefono\/#breadcrumb","itemListElement":[{"@type":"ListItem","position":1,"name":"Accueil","item":"https:\/\/orsonfrance.com\/it\/"},{"@type":"ListItem","position":2,"name":"Contatti","item":"https:\/\/orsonfrance.com\/it\/contatti\/"},{"@type":"ListItem","position":3,"name":"Richiedi un richiamo per telefono"}]},{"@type":"WebSite","@id":"https:\/\/orsonfrance.com\/it\/#website","url":"https:\/\/orsonfrance.com\/it\/","name":"Orson France, Sir\u00e8nes d&#039;alerte PPI-POI-PPMS","description":"Sp\u00e9cialiste des sir\u00e8ne d&#039;alerte \u00e0 la population","publisher":{"@id":"https:\/\/orsonfrance.com\/it\/#organization"},"potentialAction":[{"@type":"SearchAction","target":{"@type":"EntryPoint","urlTemplate":"https:\/\/orsonfrance.com\/it\/?s={search_term_string}"},"query-input":{"@type":"PropertyValueSpecification","valueRequired":true,"valueName":"search_term_string"}}],"inLanguage":"it-IT"},{"@type":"Organization","@id":"https:\/\/orsonfrance.com\/it\/#organization","name":"ORSON France","url":"https:\/\/orsonfrance.com\/it\/","logo":{"@type":"ImageObject","inLanguage":"it-IT","@id":"https:\/\/orsonfrance.com\/it\/#\/schema\/logo\/image\/","url":"https:\/\/orsonfrance.com\/wp-content\/uploads\/2020\/07\/logo-orson-france@2x.png","contentUrl":"https:\/\/orsonfrance.com\/wp-content\/uploads\/2020\/07\/logo-orson-france@2x.png","width":338,"height":200,"caption":"ORSON France"},"image":{"@id":"https:\/\/orsonfrance.com\/it\/#\/schema\/logo\/image\/"}}]}},"_links":{"self":[{"href":"https:\/\/orsonfrance.com\/it\/wp-json\/wp\/v2\/pages\/7361","targetHints":{"allow":["GET"]}}],"collection":[{"href":"https:\/\/orsonfrance.com\/it\/wp-json\/wp\/v2\/pages"}],"about":[{"href":"https:\/\/orsonfrance.com\/it\/wp-json\/wp\/v2\/types\/page"}],"author":[{"embeddable":true,"href":"https:\/\/orsonfrance.com\/it\/wp-json\/wp\/v2\/users\/1"}],"replies":[{"embeddable":true,"href":"https:\/\/orsonfrance.com\/it\/wp-json\/wp\/v2\/comments?post=7361"}],"version-history":[{"count":0,"href":"https:\/\/orsonfrance.com\/it\/wp-json\/wp\/v2\/pages\/7361\/revisions"}],"up":[{"embeddable":true,"href":"https:\/\/orsonfrance.com\/it\/wp-json\/wp\/v2\/pages\/7350"}],"wp:featuredmedia":[{"embeddable":true,"href":"https:\/\/orsonfrance.com\/it\/wp-json\/wp\/v2\/media\/6318"}],"wp:attachment":[{"href":"https:\/\/orsonfrance.com\/it\/wp-json\/wp\/v2\/media?parent=7361"}],"curies":[{"name":"wp","href":"https:\/\/api.w.org\/{rel}","templated":true}]}}