{"id":7364,"date":"2020-09-24T13:55:35","date_gmt":"2020-09-24T11:55:35","guid":{"rendered":"https:\/\/orsonfrance.com\/sitemap\/"},"modified":"2020-10-19T22:51:00","modified_gmt":"2020-10-19T20:51:00","slug":"sitemap","status":"publish","type":"page","link":"https:\/\/orsonfrance.com\/it\/sitemap\/","title":{"rendered":"Sitemap"},"content":{"rendered":"<div class=\"wpb-content-wrapper\"><p>[vc_row css=&#8221;.vc_custom_1596016990908{padding-top: 0px !important;padding-bottom: 0px !important;}&#8221;][vc_column offset=&#8221;vc_col-lg-offset-0 vc_col-lg-12 vc_col-md-offset-0 vc_col-md-12 vc_col-sm-offset-0 vc_col-xs-12&#8243; css=&#8221;.vc_custom_1596018527913{padding-bottom: 0px !important;}&#8221;][vc_row_inner][vc_column_inner width=&#8221;1\/2&#8243; css=&#8221;.vc_custom_1595509059974{margin-bottom: 45px !important;border-right-width: 1px !important;padding-top: 50px !important;padding-bottom: 50px !important;border-right-color: #0a50a1 !important;border-right-style: solid !important;}&#8221; offset=&#8221;vc_col-lg-offset-0 vc_col-md-offset-0 vc_col-sm-offset-0 vc_col-xs-6&#8243;][\/vc_column_inner][\/vc_row_inner]<div id=\"ultimate-heading-923669df552823eba\" class=\"uvc-heading ult-adjust-bottom-margin ultimate-heading-923669df552823eba uvc-7550 \" data-hspacer=\"no_spacer\"  data-halign=\"center\" style=\"text-align:center\"><div class=\"uvc-heading-spacer no_spacer\" style=\"top\"><\/div><div class=\"uvc-main-heading ult-responsive\"  data-ultimate-target='.uvc-heading.ultimate-heading-923669df552823eba h2'  data-responsive-json-new='{\"font-size\":\"desktop:50px;\",\"line-height\":\"desktop:60px;\"}' ><h2 style=\"font-weight:bold;margin-bottom:10px;\">Sitemap<\/h2><\/div><div class=\"uvc-sub-heading ult-responsive\"  data-ultimate-target='.uvc-heading.ultimate-heading-923669df552823eba .uvc-sub-heading '  data-responsive-json-new='{\"font-size\":\"\",\"line-height\":\"\"}'  style=\"font-weight:normal;\"><\/p>\n<h3>ORSON France<\/h3>\n<p>Lo specialista delle sirene da bassa ad alta potenza e della pulitura acustica industriale<\/div><\/div>[\/vc_column][\/vc_row][vc_row css=&#8221;.vc_custom_1600948950613{padding-top: 60px !important;padding-bottom: 60px !important;}&#8221;][vc_column][vc_widget_sidebar show_bg=&#8221;false&#8221; sidebar_id=&#8221;sidebar_13&#8243;][\/vc_column][\/vc_row][vc_row full_width=&#8221;stretch_row&#8221; content_placement=&#8221;middle&#8221; bg_type=&#8221;grad&#8221; bg_override=&#8221;ex-full&#8221; css=&#8221;.vc_custom_1599762379317{padding-top: 60px !important;padding-bottom: 40px !important;background-color: rgba(10,80,161,0.5) !important;*background-color: rgb(10,80,161) !important;}&#8221; bg_grad=&#8221;background: url(data:image\/svg+xml;base64,PHN2ZyB4bWxucz0iaHR0cDovL3d3dy53My5vcmcvMjAwMC9zdmciPjxkZWZzPjxsaW5lYXJHcmFkaWVudCBpZD0iZ3JhZGllbnQiIHgxPSIwJSIgeTE9IjAlIiB4Mj0iMCUiIHkyPSIxMDAlIj48c3RvcCBvZmZzZXQ9IjAlIiBzdHlsZT0ic3RvcC1jb2xvcjojMjk4OUQ4OyIgLz48c3RvcCBvZmZzZXQ9Ijc0JSIgc3R5bGU9InN0b3AtY29sb3I6IzBBNTFBMTsiIC8+PC9saW5lYXJHcmFkaWVudD48L2RlZnM+PHJlY3QgZmlsbD0idXJsKCNncmFkaWVudCkiIGhlaWdodD0iMTAwJSIgd2lkdGg9IjEwMCUiIC8+PC9zdmc+);background: -webkit-gradient(linear, left top, left bottom, color-stop(0%, #2989D8), color-stop(74%, #0A51A1));background: -moz-linear-gradient(135deg,#2989D8 0%,#0A51A1 74%);background: -webkit-linear-gradient(135deg,#2989D8 0%,#0A51A1 74%);background: -o-linear-gradient(135deg,#2989D8 0%,#0A51A1 74%);background: -ms-linear-gradient(135deg,#2989D8 0%,#0A51A1 74%);background: linear-gradient(135deg,#2989D8 0%,#0A51A1 74%);&#8221;][vc_column offset=&#8221;vc_col-lg-4 vc_col-md-12&#8243; css=&#8221;.vc_custom_1575378589868{padding-bottom: 20px !important;}&#8221;]<div id=\"ultimate-heading-597169df552823f78\" class=\"uvc-heading ult-adjust-bottom-margin ultimate-heading-597169df552823f78 uvc-2669  uvc-heading-default-font-sizes\" data-hspacer=\"no_spacer\"  data-halign=\"center\" style=\"text-align:center\"><div class=\"uvc-heading-spacer no_spacer\" style=\"top\"><\/div><div class=\"uvc-main-heading ult-responsive\"  data-ultimate-target='.uvc-heading.ultimate-heading-597169df552823f78 h3'  data-responsive-json-new='{\"font-size\":\"\",\"line-height\":\"\"}' ><h3 style=\"font-weight:bold;color:#ffffff;margin-bottom:0px;\">Desiderate installare una sirena di allertamento della popolazione?<\/h3><\/div><\/div>[\/vc_column][vc_column offset=&#8221;vc_col-lg-4 vc_col-md-12&#8243; css=&#8221;.vc_custom_1575378595138{padding-bottom: 20px !important;}&#8221;]<div id=\"ultimate-heading-592069df552823fef\" class=\"uvc-heading ult-adjust-bottom-margin ultimate-heading-592069df552823fef uvc-9694 \" data-hspacer=\"no_spacer\"  data-halign=\"center\" style=\"text-align:center\"><div class=\"uvc-heading-spacer no_spacer\" style=\"top\"><\/div><div class=\"uvc-main-heading ult-responsive\"  data-ultimate-target='.uvc-heading.ultimate-heading-592069df552823fef div'  data-responsive-json-new='{\"font-size\":\"desktop:30px;\",\"line-height\":\"desktop:40px;\"}' ><div style=\"font-weight:bold;color:#ffffff;\">+33 (0)1 40 20 07 39<\/div><\/div><div class=\"uvc-sub-heading ult-responsive\"  data-ultimate-target='.uvc-heading.ultimate-heading-592069df552823fef .uvc-sub-heading '  data-responsive-json-new='{\"font-size\":\"desktop:20px;\",\"line-height\":\"desktop:30px;\"}'  style=\"font-weight:normal;color:#ffffff;\"><a class=\"orson-white\" href=\"mailto:commercial@orsonfrance.com\">commercial@orsonfrance.com<\/a><\/div><\/div>[\/vc_column][vc_column offset=&#8221;vc_col-lg-4 vc_col-md-12 vc_col-xs-12&#8243; css=&#8221;.vc_custom_1575378844390{padding-bottom: 20px !important;}&#8221;]<style type=\"text\/css\" data-type=\"the7_shortcodes-inline-css\">#default-btn-81324523d32b42c2e13a667b6469ea98 {\n  border-radius: 4px;\n  font-size: 16px;\n  line-height: 18px;\n}\n.btn-shadow#default-btn-81324523d32b42c2e13a667b6469ea98 {\n  box-shadow: 0 1px 6px rgba(0,0,0,0.12);\n  transition: box-shadow 0.2s ease-out, opacity 0.45s;\n}\n.btn-shadow#default-btn-81324523d32b42c2e13a667b6469ea98:hover {\n  box-shadow: 0 5px 11px 0 rgba(0,0,0,0.18), 0 4px 15px 0 rgba(0,0,0,0.15);\n}\n.btn-3d#default-btn-81324523d32b42c2e13a667b6469ea98 {\n  box-shadow: 0px 2px 0px 0px #090909;\n}\n.btn-3d#default-btn-81324523d32b42c2e13a667b6469ea98:hover {\n  box-shadow: 0px 2px 0px 0px #ae1313;\n}\n.btn-flat#default-btn-81324523d32b42c2e13a667b6469ea98 {\n  box-shadow: none;\n}\n.btn-flat#default-btn-81324523d32b42c2e13a667b6469ea98:hover {\n  box-shadow: none;\n}\n#default-btn-81324523d32b42c2e13a667b6469ea98.ico-right-side > i {\n  margin-right: 0px;\n  margin-left: 8px;\n}\n#default-btn-81324523d32b42c2e13a667b6469ea98 > i {\n  margin-right: 8px;\n  font-size: 16px;\n}\n#default-btn-81324523d32b42c2e13a667b6469ea98:not(:hover) {\n  border-width: 0px;\n  color: #ffffff;\n  background: #23282d !important;\n  padding: 18px 12px 18px 12px;\n}\n#default-btn-81324523d32b42c2e13a667b6469ea98:not(:hover) * {\n  color: #ffffff;\n}\n#default-btn-81324523d32b42c2e13a667b6469ea98:hover {\n  border-width: 0px;\n  color: #ffffff;\n  background: #ff0000 !important;\n  padding: 18px 12px 18px 12px;\n}\n#default-btn-81324523d32b42c2e13a667b6469ea98:hover * {\n  color: #ffffff;\n}\n#default-btn-81324523d32b42c2e13a667b6469ea98.ico-right-side > i {\n  margin-right: 0px;\n  margin-left: 8px;\n}\n#default-btn-81324523d32b42c2e13a667b6469ea98 > i {\n  margin-right: 8px;\n}<\/style><div class=\"btn-align-center\"><a href=\"https:\/\/orsonfrance.com\/it\/contatti\/\" class=\"default-btn-shortcode dt-btn link-hover-off ico-right-side btn-flat \" id=\"default-btn-81324523d32b42c2e13a667b6469ea98\" style=\"width:240px;\" title=\"Contatto Orson France\"><span>Contatto<\/span><i class=\"icomoon-the7-font-the7-mail-011\"><\/i><\/a><\/div>[\/vc_column][\/vc_row][vc_row full_width=&#8221;stretch_row&#8221; equal_height=&#8221;yes&#8221; content_placement=&#8221;middle&#8221; bg_type=&#8221;image&#8221; parallax_style=&#8221;vcpb-default&#8221; bg_image_new=&#8221;id^3922|url^https:\/\/orsonfrance.com\/wp-content\/uploads\/2020\/07\/parallax-bg-home-orson-section-cta.jpg|caption^null|alt^null|title^parallax-bg-home-orson-section-cta|description^null&#8221; bg_image_repeat=&#8221;no-repeat&#8221; bg_img_attach=&#8221;fixed&#8221; bg_image_posiiton=&#8221;center bottom&#8221; bg_override=&#8221;ex-full&#8221; css=&#8221;.vc_custom_1596018302433{margin-top: 0px !important;padding-top: 125px !important;padding-bottom: 95px !important;background-color: #0a50a1 !important;}&#8221;][vc_column width=&#8221;1\/2&#8243; css=&#8221;.vc_custom_1575463269081{padding-bottom: 30px !important;}&#8221; offset=&#8221;vc_col-lg-4 vc_col-md-4&#8243;]<div id=\"ultimate-heading-592869df5528241e3\" class=\"uvc-heading ult-adjust-bottom-margin ultimate-heading-592869df5528241e3 uvc-5504  uvc-heading-default-font-sizes\" data-hspacer=\"no_spacer\"  data-halign=\"left\" style=\"text-align:left\"><div class=\"uvc-heading-spacer no_spacer\" style=\"top\"><\/div><div class=\"uvc-main-heading ult-responsive\"  data-ultimate-target='.uvc-heading.ultimate-heading-592869df5528241e3 h3'  data-responsive-json-new='{\"font-size\":\"\",\"line-height\":\"\"}' ><h3 style=\"font-weight:bold;color:rgba(255,255,255,0.5);margin-bottom:20px;\">ORSON France<\/h3><\/div><div class=\"uvc-sub-heading ult-responsive\"  data-ultimate-target='.uvc-heading.ultimate-heading-592869df5528241e3 .uvc-sub-heading '  data-responsive-json-new='{\"font-size\":\"desktop:34px;\",\"line-height\":\"desktop:44px;\"}'  style=\"font-weight:bold;color:#ffffff;\"><\/p>\n<p>Soluzioni globali<br \/>\nConsulenza, studio tecnico, realizzazione e manutenzione<\/p>\n<p><\/div><\/div>[\/vc_column][vc_column width=&#8221;1\/2&#8243; css=&#8221;.vc_custom_1575463219104{padding-bottom: 30px !important;}&#8221; offset=&#8221;vc_col-lg-4 vc_col-md-4&#8243;][vc_column_text el_class=&#8221;orson-white&#8221;]<\/p>\n<p>Studio tecnico, ingegneria, consulenza e installazione di soluzioni acustici.<br \/>\nSirene di allertamento della popolazione PEI\/PEE e sistemi di pulizia acustica.<\/p>\n<p>[\/vc_column_text][\/vc_column][vc_column offset=&#8221;vc_col-lg-offset-0 vc_col-lg-4 vc_col-md-offset-0 vc_col-md-4 vc_col-sm-offset-0&#8243; css=&#8221;.vc_custom_1575463453249{padding-bottom: 30px !important;}&#8221;]<div id=\"ultimate-heading-328069df55282425f\" class=\"uvc-heading ult-adjust-bottom-margin ultimate-heading-328069df55282425f uvc-4526 \" data-hspacer=\"no_spacer\"  data-halign=\"center\" style=\"text-align:center\"><div class=\"uvc-heading-spacer no_spacer\" style=\"top\"><\/div><div class=\"uvc-main-heading ult-responsive\"  data-ultimate-target='.uvc-heading.ultimate-heading-328069df55282425f h2'  data-responsive-json-new='{\"font-size\":\"desktop:28px;\",\"line-height\":\"desktop:38px;\"}' ><h2 style=\"font-weight:bold;color:#ff0000;\">+33 (0)1 40 20 07 39<\/h2><\/div><div class=\"uvc-sub-heading ult-responsive\"  data-ultimate-target='.uvc-heading.ultimate-heading-328069df55282425f .uvc-sub-heading '  data-responsive-json-new='{\"font-size\":\"desktop:20px;\",\"line-height\":\"desktop:30px;\"}'  style=\"font-weight:normal;color:#ffffff;margin-bottom:30px;\"><\/p>\n<p>commercial@orsonfrance.com<\/p>\n<p><\/div><\/div><style type=\"text\/css\" data-type=\"the7_shortcodes-inline-css\">#default-btn-10e052ec7a476ba01f831fd288e24af5 {\n  border-radius: 4px;\n  font-size: 16px;\n  line-height: 18px;\n}\n.btn-shadow#default-btn-10e052ec7a476ba01f831fd288e24af5 {\n  box-shadow: 0 1px 6px rgba(0,0,0,0.12);\n  transition: box-shadow 0.2s ease-out, opacity 0.45s;\n}\n.btn-shadow#default-btn-10e052ec7a476ba01f831fd288e24af5:hover {\n  box-shadow: 0 5px 11px 0 rgba(0,0,0,0.18), 0 4px 15px 0 rgba(0,0,0,0.15);\n}\n.btn-3d#default-btn-10e052ec7a476ba01f831fd288e24af5:hover {\n  box-shadow: 0px 2px 0px 0px rgba(224,224,224,0.05);\n}\n.btn-flat#default-btn-10e052ec7a476ba01f831fd288e24af5 {\n  box-shadow: none;\n}\n.btn-flat#default-btn-10e052ec7a476ba01f831fd288e24af5:hover {\n  box-shadow: none;\n}\n#default-btn-10e052ec7a476ba01f831fd288e24af5.ico-right-side > i {\n  margin-right: 0px;\n  margin-left: 8px;\n}\n#default-btn-10e052ec7a476ba01f831fd288e24af5 > i {\n  margin-right: 8px;\n  font-size: 16px;\n}\n#default-btn-10e052ec7a476ba01f831fd288e24af5:not(:hover) {\n  border-width: 3px;\n  border-color: rgba(255,255,255,0.3) !important;\n  color: #ffffff;\n  background: none !important;\n  padding: 16px 10px 16px 10px;\n}\n#default-btn-10e052ec7a476ba01f831fd288e24af5:not(:hover) * {\n  color: #ffffff;\n}\n#default-btn-10e052ec7a476ba01f831fd288e24af5:hover {\n  border-width: 3px;\n  border-color: rgba(255,255,255,0.45) !important;\n  color: #ffffff;\n  background: rgba(255,255,255,0.05) !important;\n  padding: 16px 10px 16px 10px;\n}\n#default-btn-10e052ec7a476ba01f831fd288e24af5:hover * {\n  color: #ffffff;\n}\n#default-btn-10e052ec7a476ba01f831fd288e24af5.ico-right-side > i {\n  margin-right: 0px;\n  margin-left: 8px;\n}\n#default-btn-10e052ec7a476ba01f831fd288e24af5 > i {\n  margin-right: 8px;\n}<\/style><div class=\"btn-align-center\"><a href=\"https:\/\/orsonfrance.com\/it\/contatti\/#!\/modulo-di-contatto\" class=\"default-btn-shortcode dt-btn link-hover-off ico-right-side anchor-link btn-flat \" id=\"default-btn-10e052ec7a476ba01f831fd288e24af5\" style=\"width:240px;\" title=\"Modulo di contatto\"><span>Modulo di contatto<\/span><i class=\"icomoon-the7-font-the7-mail-01\"><\/i><\/a><\/div>[\/vc_column][\/vc_row]<\/p>\n<\/div>","protected":false},"excerpt":{"rendered":"<p>[vc_row css=&#8221;.vc_custom_1596016990908{padding-top: 0px !important;padding-bottom: 0px !important;}&#8221;][vc_column offset=&#8221;vc_col-lg-offset-0 vc_col-lg-12 vc_col-md-offset-0 vc_col-md-12 vc_col-sm-offset-0 vc_col-xs-12&#8243; css=&#8221;.vc_custom_1596018527913{padding-bottom: 0px !important;}&#8221;][vc_row_inner][vc_column_inner width=&#8221;1\/2&#8243; css=&#8221;.vc_custom_1595509059974{margin-bottom: 45px !important;border-right-width: 1px !important;padding-top: 50px !important;padding-bottom: 50px !important;border-right-color: #0a50a1 !important;border-right-style: solid !important;}&#8221; offset=&#8221;vc_col-lg-offset-0 vc_col-md-offset-0 vc_col-sm-offset-0 vc_col-xs-6&#8243;][\/vc_column_inner][\/vc_row_inner][\/vc_column][\/vc_row][vc_row css=&#8221;.vc_custom_1600948950613{padding-top: 60px !important;padding-bottom: 60px !important;}&#8221;][vc_column][vc_widget_sidebar show_bg=&#8221;false&#8221; sidebar_id=&#8221;sidebar_13&#8243;][\/vc_column][\/vc_row][vc_row full_width=&#8221;stretch_row&#8221; content_placement=&#8221;middle&#8221; bg_type=&#8221;grad&#8221; bg_override=&#8221;ex-full&#8221; css=&#8221;.vc_custom_1599762379317{padding-top: 60px !important;padding-bottom: 40px !important;background-color: rgba(10,80,161,0.5) !important;*background-color: rgb(10,80,161) !important;}&#8221; bg_grad=&#8221;background: url(data:image\/svg+xml;base64,PHN2ZyB4bWxucz0iaHR0cDovL3d3dy53My5vcmcvMjAwMC9zdmciPjxkZWZzPjxsaW5lYXJHcmFkaWVudCBpZD0iZ3JhZGllbnQiIHgxPSIwJSIgeTE9IjAlIiB4Mj0iMCUiIHkyPSIxMDAlIj48c3RvcCBvZmZzZXQ9IjAlIiBzdHlsZT0ic3RvcC1jb2xvcjojMjk4OUQ4OyIgLz48c3RvcCBvZmZzZXQ9Ijc0JSIgc3R5bGU9InN0b3AtY29sb3I6IzBBNTFBMTsiIC8+PC9saW5lYXJHcmFkaWVudD48L2RlZnM+PHJlY3QgZmlsbD0idXJsKCNncmFkaWVudCkiIGhlaWdodD0iMTAwJSIgd2lkdGg9IjEwMCUiIC8+PC9zdmc+);background:&hellip;<\/p>\n","protected":false},"author":1,"featured_media":0,"parent":0,"menu_order":8,"comment_status":"closed","ping_status":"closed","template":"","meta":{"footnotes":""},"class_list":["post-7364","page","type-page","status-publish","hentry","description-off"],"yoast_head":"<!-- This site is optimized with the Yoast SEO plugin v27.0 - https:\/\/yoast.com\/product\/yoast-seo-wordpress\/ -->\n<title>ORSON France |\u00a0Sitemap<\/title>\n<meta name=\"description\" content=\"Sitemap\" \/>\n<meta name=\"robots\" content=\"index, follow, max-snippet:-1, max-image-preview:large, max-video-preview:-1\" \/>\n<link rel=\"canonical\" href=\"https:\/\/orsonfrance.com\/it\/sitemap\/\" \/>\n<meta property=\"og:locale\" content=\"it_IT\" \/>\n<meta property=\"og:type\" content=\"article\" \/>\n<meta property=\"og:title\" content=\"ORSON France |\u00a0Sitemap\" \/>\n<meta property=\"og:description\" content=\"Sitemap\" \/>\n<meta property=\"og:url\" content=\"https:\/\/orsonfrance.com\/it\/sitemap\/\" \/>\n<meta property=\"og:site_name\" content=\"Orson France, Sir\u00e8nes d&#039;alerte PPI-POI-PPMS\" \/>\n<meta property=\"article:modified_time\" content=\"2020-10-19T20:51:00+00:00\" \/>\n<meta name=\"twitter:card\" content=\"summary_large_image\" \/>\n<meta name=\"twitter:label1\" content=\"Tempo di lettura stimato\" \/>\n\t<meta name=\"twitter:data1\" content=\"4 minuti\" \/>\n<script type=\"application\/ld+json\" class=\"yoast-schema-graph\">{\"@context\":\"https:\/\/schema.org\",\"@graph\":[{\"@type\":\"WebPage\",\"@id\":\"https:\/\/orsonfrance.com\/it\/sitemap\/\",\"url\":\"https:\/\/orsonfrance.com\/it\/sitemap\/\",\"name\":\"ORSON France |\u00a0Sitemap\",\"isPartOf\":{\"@id\":\"https:\/\/orsonfrance.com\/it\/#website\"},\"datePublished\":\"2020-09-24T11:55:35+00:00\",\"dateModified\":\"2020-10-19T20:51:00+00:00\",\"description\":\"Sitemap\",\"breadcrumb\":{\"@id\":\"https:\/\/orsonfrance.com\/it\/sitemap\/#breadcrumb\"},\"inLanguage\":\"it-IT\",\"potentialAction\":[{\"@type\":\"ReadAction\",\"target\":[\"https:\/\/orsonfrance.com\/it\/sitemap\/\"]}]},{\"@type\":\"BreadcrumbList\",\"@id\":\"https:\/\/orsonfrance.com\/it\/sitemap\/#breadcrumb\",\"itemListElement\":[{\"@type\":\"ListItem\",\"position\":1,\"name\":\"Accueil\",\"item\":\"https:\/\/orsonfrance.com\/it\/\"},{\"@type\":\"ListItem\",\"position\":2,\"name\":\"Sitemap\"}]},{\"@type\":\"WebSite\",\"@id\":\"https:\/\/orsonfrance.com\/it\/#website\",\"url\":\"https:\/\/orsonfrance.com\/it\/\",\"name\":\"Orson France, Sir\u00e8nes d&#039;alerte PPI-POI-PPMS\",\"description\":\"Sp\u00e9cialiste des sir\u00e8ne d&#039;alerte \u00e0 la population\",\"publisher\":{\"@id\":\"https:\/\/orsonfrance.com\/it\/#organization\"},\"potentialAction\":[{\"@type\":\"SearchAction\",\"target\":{\"@type\":\"EntryPoint\",\"urlTemplate\":\"https:\/\/orsonfrance.com\/it\/?s={search_term_string}\"},\"query-input\":{\"@type\":\"PropertyValueSpecification\",\"valueRequired\":true,\"valueName\":\"search_term_string\"}}],\"inLanguage\":\"it-IT\"},{\"@type\":\"Organization\",\"@id\":\"https:\/\/orsonfrance.com\/it\/#organization\",\"name\":\"ORSON France\",\"url\":\"https:\/\/orsonfrance.com\/it\/\",\"logo\":{\"@type\":\"ImageObject\",\"inLanguage\":\"it-IT\",\"@id\":\"https:\/\/orsonfrance.com\/it\/#\/schema\/logo\/image\/\",\"url\":\"https:\/\/orsonfrance.com\/wp-content\/uploads\/2020\/07\/logo-orson-france@2x.png\",\"contentUrl\":\"https:\/\/orsonfrance.com\/wp-content\/uploads\/2020\/07\/logo-orson-france@2x.png\",\"width\":338,\"height\":200,\"caption\":\"ORSON France\"},\"image\":{\"@id\":\"https:\/\/orsonfrance.com\/it\/#\/schema\/logo\/image\/\"}}]}<\/script>\n<!-- \/ Yoast SEO plugin. -->","yoast_head_json":{"title":"ORSON France |\u00a0Sitemap","description":"Sitemap","robots":{"index":"index","follow":"follow","max-snippet":"max-snippet:-1","max-image-preview":"max-image-preview:large","max-video-preview":"max-video-preview:-1"},"canonical":"https:\/\/orsonfrance.com\/it\/sitemap\/","og_locale":"it_IT","og_type":"article","og_title":"ORSON France |\u00a0Sitemap","og_description":"Sitemap","og_url":"https:\/\/orsonfrance.com\/it\/sitemap\/","og_site_name":"Orson France, Sir\u00e8nes d&#039;alerte PPI-POI-PPMS","article_modified_time":"2020-10-19T20:51:00+00:00","twitter_card":"summary_large_image","twitter_misc":{"Tempo di lettura stimato":"4 minuti"},"schema":{"@context":"https:\/\/schema.org","@graph":[{"@type":"WebPage","@id":"https:\/\/orsonfrance.com\/it\/sitemap\/","url":"https:\/\/orsonfrance.com\/it\/sitemap\/","name":"ORSON France |\u00a0Sitemap","isPartOf":{"@id":"https:\/\/orsonfrance.com\/it\/#website"},"datePublished":"2020-09-24T11:55:35+00:00","dateModified":"2020-10-19T20:51:00+00:00","description":"Sitemap","breadcrumb":{"@id":"https:\/\/orsonfrance.com\/it\/sitemap\/#breadcrumb"},"inLanguage":"it-IT","potentialAction":[{"@type":"ReadAction","target":["https:\/\/orsonfrance.com\/it\/sitemap\/"]}]},{"@type":"BreadcrumbList","@id":"https:\/\/orsonfrance.com\/it\/sitemap\/#breadcrumb","itemListElement":[{"@type":"ListItem","position":1,"name":"Accueil","item":"https:\/\/orsonfrance.com\/it\/"},{"@type":"ListItem","position":2,"name":"Sitemap"}]},{"@type":"WebSite","@id":"https:\/\/orsonfrance.com\/it\/#website","url":"https:\/\/orsonfrance.com\/it\/","name":"Orson France, Sir\u00e8nes d&#039;alerte PPI-POI-PPMS","description":"Sp\u00e9cialiste des sir\u00e8ne d&#039;alerte \u00e0 la population","publisher":{"@id":"https:\/\/orsonfrance.com\/it\/#organization"},"potentialAction":[{"@type":"SearchAction","target":{"@type":"EntryPoint","urlTemplate":"https:\/\/orsonfrance.com\/it\/?s={search_term_string}"},"query-input":{"@type":"PropertyValueSpecification","valueRequired":true,"valueName":"search_term_string"}}],"inLanguage":"it-IT"},{"@type":"Organization","@id":"https:\/\/orsonfrance.com\/it\/#organization","name":"ORSON France","url":"https:\/\/orsonfrance.com\/it\/","logo":{"@type":"ImageObject","inLanguage":"it-IT","@id":"https:\/\/orsonfrance.com\/it\/#\/schema\/logo\/image\/","url":"https:\/\/orsonfrance.com\/wp-content\/uploads\/2020\/07\/logo-orson-france@2x.png","contentUrl":"https:\/\/orsonfrance.com\/wp-content\/uploads\/2020\/07\/logo-orson-france@2x.png","width":338,"height":200,"caption":"ORSON France"},"image":{"@id":"https:\/\/orsonfrance.com\/it\/#\/schema\/logo\/image\/"}}]}},"_links":{"self":[{"href":"https:\/\/orsonfrance.com\/it\/wp-json\/wp\/v2\/pages\/7364","targetHints":{"allow":["GET"]}}],"collection":[{"href":"https:\/\/orsonfrance.com\/it\/wp-json\/wp\/v2\/pages"}],"about":[{"href":"https:\/\/orsonfrance.com\/it\/wp-json\/wp\/v2\/types\/page"}],"author":[{"embeddable":true,"href":"https:\/\/orsonfrance.com\/it\/wp-json\/wp\/v2\/users\/1"}],"replies":[{"embeddable":true,"href":"https:\/\/orsonfrance.com\/it\/wp-json\/wp\/v2\/comments?post=7364"}],"version-history":[{"count":0,"href":"https:\/\/orsonfrance.com\/it\/wp-json\/wp\/v2\/pages\/7364\/revisions"}],"wp:attachment":[{"href":"https:\/\/orsonfrance.com\/it\/wp-json\/wp\/v2\/media?parent=7364"}],"curies":[{"name":"wp","href":"https:\/\/api.w.org\/{rel}","templated":true}]}}