{"id":7372,"date":"2020-07-05T11:38:23","date_gmt":"2020-07-05T09:38:23","guid":{"rendered":"https:\/\/orsonfrance.com\/informativa-sulla-privacy\/"},"modified":"2024-11-07T17:03:20","modified_gmt":"2024-11-07T16:03:20","slug":"informativa-sulla-privacy","status":"publish","type":"page","link":"https:\/\/orsonfrance.com\/it\/informativa-sulla-privacy\/","title":{"rendered":"Informativa sulla privacy"},"content":{"rendered":"\n<p>La presente informativa sulla privacy descrive la politica di ORSON SARL, ZA de Planbois, 100 Impasse des Clos, France 74550, France, email : webmaster@orsonfrance.com, telefono : 01 40 20 07 39 sulla raccolta, l&#8217;utilizzo e la divulgazione delle informazioni che raccogliamo quando utilizzate il nostro sito web ( https:\/\/orsonfrance.com ). (il \u201cServizio\u201d). Accedendo o utilizzando il Servizio, l&#8217;utente acconsente alla raccolta, all&#8217;utilizzo e alla divulgazione delle proprie informazioni in conformit\u00e0 alla presente Informativa sulla privacy. Se non si acconsente, si prega di non accedere o utilizzare il Servizio.<\/p>\n\n\n\n<p>Possiamo modificare la presente Informativa sulla privacy in qualsiasi momento senza preavviso e pubblicheremo l&#8217;Informativa sulla privacy modificata sul Servizio. L&#8217;informativa modificata entrer\u00e0 in vigore 180 giorni dopo la sua pubblicazione sul servizio e l&#8217;accesso o l&#8217;utilizzo continuato del servizio dopo tale data costituir\u00e0 l&#8217;accettazione dell&#8217;informativa sulla privacy modificata. Si consiglia pertanto di consultare regolarmente questa pagina.<\/p>\n\n\n\n<h2 class=\"wp-block-heading\">Informazioni raccolte:<\/h2>\n\n\n\n<p>Raccoglieremo ed elaboreremo le seguenti informazioni personali sull&#8217;utente:<\/p>\n\n\n\n<p>nome<br>indirizzo e-mail<br>Numero di telefono cellulare<br>Indirizzo commerciale<br>e dati di utilizzo tramite cookie e tecnologie simili.<\/p>\n\n\n\n<h2 class=\"wp-block-heading\">Come utilizziamo i vostri dati:<\/h2>\n\n\n\n<p>I dati raccolti vengono utilizzati per migliorare la vostra esperienza, rispondere alle vostre richieste e ottimizzare i nostri servizi. Possiamo anche utilizzarli per comunicazioni di marketing con il vostro consenso.<\/p>\n\n\n\n<p>Utilizzeremo le informazioni che raccogliamo su di voi per i seguenti scopi:<\/p>\n\n\n\n<h3 class=\"wp-block-heading\">Assistenza:<\/h3>\n\n\n\n<p>Se desideriamo utilizzare le vostre informazioni per altri scopi, vi chiederemo il consenso e utilizzeremo le vostre informazioni solo dopo aver ricevuto il vostro consenso e solo per gli scopi per i quali avete dato il vostro consenso, a meno che non ci venga richiesto dalla legge di fare diversamente.<\/p>\n\n\n\n<h3 class=\"wp-block-heading\">Come condividiamo le vostre informazioni:<\/h3>\n\n\n\n<p>Non trasmetteremo le vostre informazioni personali a terzi senza il vostro consenso, tranne nelle circostanze limitate descritte di seguito:<\/p>\n\n\n\n<h3 class=\"wp-block-heading\">Servizio pubblicitario\/servizio di analisi:<\/h3>\n\n\n\n<p>Richiediamo a queste terze parti di utilizzare le informazioni personali che trasferiamo loro solo per gli scopi per cui sono state trasferite e di conservarle non pi\u00f9 a lungo di quanto sia necessario per soddisfare tali scopi.<\/p>\n\n\n\n<p><strong>Possiamo inoltre divulgare le vostre informazioni personali nelle seguenti circostanze:<\/strong><br>(1) per ottemperare a leggi, regolamenti, ordini del tribunale o altre procedure legali;<br>(2) far rispettare gli accordi stipulati con l&#8217;utente, compresa la presente Informativa sulla privacy; oppure<br>o (3) per rispondere a reclami che indicano che l&#8217;uso del Servizio da parte dell&#8217;utente viola i diritti di una terza parte. Se il servizio o la nostra azienda vengono fusi o acquisiti da un&#8217;altra societ\u00e0, le vostre informazioni saranno uno dei beni trasferiti al nuovo proprietario.<\/p>\n\n\n\n<h2 class=\"wp-block-heading\">Conservazione delle informazioni:<\/h2>\n\n\n\n<p>Conserveremo le vostre informazioni personali per un periodo compreso tra 90 giorni e 2 anni dopo l&#8217;invio di un modulo di contatto o per tutto il tempo necessario a soddisfare gli scopi per cui sono state raccolte, come indicato nella presente Informativa sulla privacy. Potremmo aver bisogno di conservare alcune informazioni per periodi pi\u00f9 lunghi, ad esempio per scopi di registrazione o di rendicontazione in conformit\u00e0 con la legislazione vigente o per altri motivi legittimi come l&#8217;applicazione dei diritti legali, la prevenzione delle frodi, ecc. Le informazioni anonime residue e le informazioni aggregate, che non consentono di identificare l&#8217;utente (direttamente o indirettamente), possono essere conservate a tempo indeterminato.<\/p>\n\n\n\n<h2 class=\"wp-block-heading\">I vostri diritti:<\/h2>\n\n\n\n<p>A seconda della legge applicabile, l&#8217;utente pu\u00f2 avere il diritto di accedere ai propri dati personali, di rettificarli o cancellarli o di riceverne una copia, di limitare o opporsi al trattamento attivo dei propri dati, di chiederci di condividere (trasferire) i propri dati personali con un&#8217;altra entit\u00e0, di revocare il consenso al trattamento dei propri dati, di presentare un reclamo a un&#8217;autorit\u00e0 legale e di esercitare qualsiasi altro diritto previsto dalla legge applicabile. Per esercitare tali diritti, potete scriverci all&#8217;indirizzo webmaster@orsonfrance.com. Risponderemo alla vostra richiesta in conformit\u00e0 alla legge applicabile.<br>Si prega di notare che se non si autorizza la raccolta o l&#8217;elaborazione dei dati personali richiesti o se si ritira il consenso all&#8217;elaborazione di tali dati per le finalit\u00e0 richieste, potrebbe non essere possibile accedere o utilizzare i servizi per i quali sono stati richiesti i dati.<\/p>\n\n\n\n<h2 class=\"wp-block-heading\">Cookie ecc.<\/h2>\n\n\n\n<p>Per saperne di pi\u00f9 su come li utilizziamo e sulle scelte che avete in merito a queste tecnologie di tracciamento, consultate la nostra politica sui cookie.<\/p>\n\n\n\n<h2 class=\"wp-block-heading\">Sicurezza:<\/h2>\n\n\n\n<p>La sicurezza delle vostre informazioni \u00e8 importante per noi e utilizzeremo misure di sicurezza ragionevoli per prevenire la perdita, l&#8217;uso improprio o l&#8217;alterazione non autorizzata delle vostre informazioni sotto il nostro controllo. Tuttavia, dati i rischi intrinseci, non possiamo garantire la sicurezza assoluta e, pertanto, non possiamo assicurare o garantire la sicurezza delle informazioni che ci trasmettete e lo fate a vostro rischio e pericolo.<\/p>\n\n\n\n<h2 class=\"wp-block-heading\">Collegamenti a terzi e utilizzo delle vostre informazioni:<\/h2>\n\n\n\n<p>Il nostro Servizio pu\u00f2 contenere link ad altri siti web che non sono gestiti da noi. La presente Informativa sulla privacy non riguarda l&#8217;informativa sulla privacy o altre pratiche di terzi, compresi i terzi che gestiscono un sito web o un servizio accessibile tramite un link sul Servizio. Consigliamo vivamente di consultare l&#8217;informativa sulla privacy di ciascun sito visitato. Non abbiamo alcun controllo e non ci assumiamo alcuna responsabilit\u00e0 per il contenuto, le politiche sulla privacy o le pratiche di siti o servizi di terzi.<\/p>\n\n\n\n<h2 class=\"wp-block-heading\">Responsabile della protezione dei dati:<\/h2>\n\n\n\n<p>Se avete domande o dubbi sul trattamento dei vostri dati presso di noi, potete inviare un&#8217;e-mail al nostro responsabile della protezione dei dati presso ORSON SARL, ZA de Planbois, 100 Impasse des Clos 74550 Perrignier &#8211; FRANCIA, e-mail: commercial@orsonfrance.com. Risponderemo ai vostri dubbi in conformit\u00e0 con la legge vigente.our information that is available with us, you may email our Grievance Officer at ORSON SARL, ZA de Planbois, 100 Impasse des Clos 74550 Perrignier \u2013 FRANCE, email: webmaster@orsonfrance.com. We will address your concerns in accordance with applicable law.<\/p>\n\n\n\n<div style=\"height:20px\" aria-hidden=\"true\" class=\"wp-block-spacer\"><\/div>\n","protected":false},"excerpt":{"rendered":"<p>La presente informativa sulla privacy descrive la politica di ORSON SARL, ZA de Planbois, 100 Impasse des Clos, France 74550, France, email : webmaster@orsonfrance.com, telefono : 01 40 20 07 39 sulla raccolta, l&#8217;utilizzo e la divulgazione delle informazioni che raccogliamo quando utilizzate il nostro sito web ( https:\/\/orsonfrance.com ). (il \u201cServizio\u201d). Accedendo o utilizzando&hellip;<\/p>\n","protected":false},"author":1,"featured_media":0,"parent":0,"menu_order":10,"comment_status":"closed","ping_status":"closed","template":"","meta":{"footnotes":""},"class_list":["post-7372","page","type-page","status-publish","hentry","description-off"],"yoast_head":"<!-- This site is optimized with the Yoast SEO plugin v27.0 - https:\/\/yoast.com\/product\/yoast-seo-wordpress\/ -->\n<title>ORSON France |\u00a0Informativa sulla privacy<\/title>\n<meta name=\"description\" content=\"Informativa sulla privacy\" \/>\n<meta name=\"robots\" content=\"noindex, nofollow\" \/>\n<meta property=\"og:locale\" content=\"it_IT\" \/>\n<meta property=\"og:type\" content=\"article\" \/>\n<meta property=\"og:title\" content=\"ORSON France |\u00a0Informativa sulla privacy\" \/>\n<meta property=\"og:description\" content=\"Informativa sulla privacy\" \/>\n<meta property=\"og:url\" content=\"https:\/\/orsonfrance.com\/it\/informativa-sulla-privacy\/\" \/>\n<meta property=\"og:site_name\" content=\"Orson France, Sir\u00e8nes d&#039;alerte PPI-POI-PPMS\" \/>\n<meta property=\"article:modified_time\" content=\"2024-11-07T16:03:20+00:00\" \/>\n<meta name=\"twitter:card\" content=\"summary_large_image\" \/>\n<meta name=\"twitter:label1\" content=\"Tempo di lettura stimato\" \/>\n\t<meta name=\"twitter:data1\" content=\"5 minuti\" \/>\n<script type=\"application\/ld+json\" class=\"yoast-schema-graph\">{\"@context\":\"https:\/\/schema.org\",\"@graph\":[{\"@type\":\"WebPage\",\"@id\":\"https:\/\/orsonfrance.com\/it\/informativa-sulla-privacy\/\",\"url\":\"https:\/\/orsonfrance.com\/it\/informativa-sulla-privacy\/\",\"name\":\"ORSON France |\u00a0Informativa sulla privacy\",\"isPartOf\":{\"@id\":\"https:\/\/orsonfrance.com\/it\/#website\"},\"datePublished\":\"2020-07-05T09:38:23+00:00\",\"dateModified\":\"2024-11-07T16:03:20+00:00\",\"description\":\"Informativa sulla privacy\",\"breadcrumb\":{\"@id\":\"https:\/\/orsonfrance.com\/it\/informativa-sulla-privacy\/#breadcrumb\"},\"inLanguage\":\"it-IT\",\"potentialAction\":[{\"@type\":\"ReadAction\",\"target\":[\"https:\/\/orsonfrance.com\/it\/informativa-sulla-privacy\/\"]}]},{\"@type\":\"BreadcrumbList\",\"@id\":\"https:\/\/orsonfrance.com\/it\/informativa-sulla-privacy\/#breadcrumb\",\"itemListElement\":[{\"@type\":\"ListItem\",\"position\":1,\"name\":\"Accueil\",\"item\":\"https:\/\/orsonfrance.com\/it\/\"},{\"@type\":\"ListItem\",\"position\":2,\"name\":\"Informativa sulla privacy\"}]},{\"@type\":\"WebSite\",\"@id\":\"https:\/\/orsonfrance.com\/it\/#website\",\"url\":\"https:\/\/orsonfrance.com\/it\/\",\"name\":\"Orson France, Sir\u00e8nes d&#039;alerte PPI-POI-PPMS\",\"description\":\"Sp\u00e9cialiste des sir\u00e8ne d&#039;alerte \u00e0 la population\",\"publisher\":{\"@id\":\"https:\/\/orsonfrance.com\/it\/#organization\"},\"potentialAction\":[{\"@type\":\"SearchAction\",\"target\":{\"@type\":\"EntryPoint\",\"urlTemplate\":\"https:\/\/orsonfrance.com\/it\/?s={search_term_string}\"},\"query-input\":{\"@type\":\"PropertyValueSpecification\",\"valueRequired\":true,\"valueName\":\"search_term_string\"}}],\"inLanguage\":\"it-IT\"},{\"@type\":\"Organization\",\"@id\":\"https:\/\/orsonfrance.com\/it\/#organization\",\"name\":\"ORSON France\",\"url\":\"https:\/\/orsonfrance.com\/it\/\",\"logo\":{\"@type\":\"ImageObject\",\"inLanguage\":\"it-IT\",\"@id\":\"https:\/\/orsonfrance.com\/it\/#\/schema\/logo\/image\/\",\"url\":\"https:\/\/orsonfrance.com\/wp-content\/uploads\/2020\/07\/logo-orson-france@2x.png\",\"contentUrl\":\"https:\/\/orsonfrance.com\/wp-content\/uploads\/2020\/07\/logo-orson-france@2x.png\",\"width\":338,\"height\":200,\"caption\":\"ORSON France\"},\"image\":{\"@id\":\"https:\/\/orsonfrance.com\/it\/#\/schema\/logo\/image\/\"}}]}<\/script>\n<!-- \/ Yoast SEO plugin. -->","yoast_head_json":{"title":"ORSON France |\u00a0Informativa sulla privacy","description":"Informativa sulla privacy","robots":{"index":"noindex","follow":"nofollow"},"og_locale":"it_IT","og_type":"article","og_title":"ORSON France |\u00a0Informativa sulla privacy","og_description":"Informativa sulla privacy","og_url":"https:\/\/orsonfrance.com\/it\/informativa-sulla-privacy\/","og_site_name":"Orson France, Sir\u00e8nes d&#039;alerte PPI-POI-PPMS","article_modified_time":"2024-11-07T16:03:20+00:00","twitter_card":"summary_large_image","twitter_misc":{"Tempo di lettura stimato":"5 minuti"},"schema":{"@context":"https:\/\/schema.org","@graph":[{"@type":"WebPage","@id":"https:\/\/orsonfrance.com\/it\/informativa-sulla-privacy\/","url":"https:\/\/orsonfrance.com\/it\/informativa-sulla-privacy\/","name":"ORSON France |\u00a0Informativa sulla privacy","isPartOf":{"@id":"https:\/\/orsonfrance.com\/it\/#website"},"datePublished":"2020-07-05T09:38:23+00:00","dateModified":"2024-11-07T16:03:20+00:00","description":"Informativa sulla privacy","breadcrumb":{"@id":"https:\/\/orsonfrance.com\/it\/informativa-sulla-privacy\/#breadcrumb"},"inLanguage":"it-IT","potentialAction":[{"@type":"ReadAction","target":["https:\/\/orsonfrance.com\/it\/informativa-sulla-privacy\/"]}]},{"@type":"BreadcrumbList","@id":"https:\/\/orsonfrance.com\/it\/informativa-sulla-privacy\/#breadcrumb","itemListElement":[{"@type":"ListItem","position":1,"name":"Accueil","item":"https:\/\/orsonfrance.com\/it\/"},{"@type":"ListItem","position":2,"name":"Informativa sulla privacy"}]},{"@type":"WebSite","@id":"https:\/\/orsonfrance.com\/it\/#website","url":"https:\/\/orsonfrance.com\/it\/","name":"Orson France, Sir\u00e8nes d&#039;alerte PPI-POI-PPMS","description":"Sp\u00e9cialiste des sir\u00e8ne d&#039;alerte \u00e0 la population","publisher":{"@id":"https:\/\/orsonfrance.com\/it\/#organization"},"potentialAction":[{"@type":"SearchAction","target":{"@type":"EntryPoint","urlTemplate":"https:\/\/orsonfrance.com\/it\/?s={search_term_string}"},"query-input":{"@type":"PropertyValueSpecification","valueRequired":true,"valueName":"search_term_string"}}],"inLanguage":"it-IT"},{"@type":"Organization","@id":"https:\/\/orsonfrance.com\/it\/#organization","name":"ORSON France","url":"https:\/\/orsonfrance.com\/it\/","logo":{"@type":"ImageObject","inLanguage":"it-IT","@id":"https:\/\/orsonfrance.com\/it\/#\/schema\/logo\/image\/","url":"https:\/\/orsonfrance.com\/wp-content\/uploads\/2020\/07\/logo-orson-france@2x.png","contentUrl":"https:\/\/orsonfrance.com\/wp-content\/uploads\/2020\/07\/logo-orson-france@2x.png","width":338,"height":200,"caption":"ORSON France"},"image":{"@id":"https:\/\/orsonfrance.com\/it\/#\/schema\/logo\/image\/"}}]}},"_links":{"self":[{"href":"https:\/\/orsonfrance.com\/it\/wp-json\/wp\/v2\/pages\/7372","targetHints":{"allow":["GET"]}}],"collection":[{"href":"https:\/\/orsonfrance.com\/it\/wp-json\/wp\/v2\/pages"}],"about":[{"href":"https:\/\/orsonfrance.com\/it\/wp-json\/wp\/v2\/types\/page"}],"author":[{"embeddable":true,"href":"https:\/\/orsonfrance.com\/it\/wp-json\/wp\/v2\/users\/1"}],"replies":[{"embeddable":true,"href":"https:\/\/orsonfrance.com\/it\/wp-json\/wp\/v2\/comments?post=7372"}],"version-history":[{"count":0,"href":"https:\/\/orsonfrance.com\/it\/wp-json\/wp\/v2\/pages\/7372\/revisions"}],"wp:attachment":[{"href":"https:\/\/orsonfrance.com\/it\/wp-json\/wp\/v2\/media?parent=7372"}],"curies":[{"name":"wp","href":"https:\/\/api.w.org\/{rel}","templated":true}]}}