{"id":8874,"date":"2020-09-24T15:23:51","date_gmt":"2020-09-24T13:23:51","guid":{"rendered":"https:\/\/orsonfrance.com\/?page_id=8874"},"modified":"2024-11-07T17:13:04","modified_gmt":"2024-11-07T16:13:04","slug":"politica-sui-cookie","status":"publish","type":"page","link":"https:\/\/orsonfrance.com\/it\/politica-sui-cookie\/","title":{"rendered":"Politica sui cookie"},"content":{"rendered":"\n<h4 class=\"wp-block-heading\">Che cos&#8217;\u00e8 un cookie?<\/h4>\n\n\n\n<p>Un cookie \u00e8 un piccolo file di testo memorizzato sul vostro computer, tablet o smartphone quando visitate un sito web. Il loro scopo \u00e8 quello di raccogliere informazioni sulla vostra navigazione sul sito e di fornirvi servizi personalizzati. Sul vostro computer, i cookie sono gestiti dal vostro browser web.<\/p>\n\n\n\n<h4 class=\"wp-block-heading\">Quali cookie utilizza orsonfrance.com?<\/h4>\n\n\n\n<p>La navigazione sul sito orsonfrance.com pu\u00f2 comportare l&#8217;installazione di cookie sul computer, tablet o smartphone dell&#8217;utente.<\/p>\n\n\n\n<p>Il sito orsonfrance.com utilizza Google analytics per raccogliere statistiche anonime sul suo utilizzo da parte degli utenti di Internet (pagine consultate, numero di visitatori, browser utilizzati, ecc.) Questi dati ci permettono di migliorare l&#8217;accesso alle informazioni.<br>I cookie di Google analytics vengono memorizzati sul vostro computer.<\/p>\n\n\n\n<h4 class=\"wp-block-heading\">Gestione dei cookie<\/h4>\n\n\n\n<p>Autorizzando questi servizi di terze parti, l&#8217;utente accetta il deposito e la lettura dei cookie e l&#8217;utilizzo delle tecnologie di tracciamento necessarie al loro corretto funzionamento.<\/p>\n\n\n\n<p>Se l&#8217;utente rifiuta di accettare un cookie, potrebbe non essere in grado di accedere a determinati servizi. Tuttavia, gli utenti possono configurare il proprio computer come segue per rifiutare l&#8217;installazione dei cookie:<\/p>\n\n\n\n<p>Cookie: <a href=\"https:\/\/www.cnil.fr\/fr\/cookies-les-outils-pour-les-maitriser\" target=\"_blank\" rel=\"noreferrer noopener nofollow\">strumenti per controllarli<\/a> (link al sito web della CNIL)<\/p>\n\n\n\n<div style=\"height:30px\" aria-hidden=\"true\" class=\"wp-block-spacer\"><\/div>\n\n\n\n<h2 class=\"wp-block-heading\">Gestione delle preferenze sui cookie<\/h2>\n\n\n\n<a class=\"cky-banner-element\" style=\"text-decoration: underline; cursor: pointer;\">Impostazioni dei cookie<\/a>\n\n\n\n<div style=\"height:30px\" aria-hidden=\"true\" class=\"wp-block-spacer\"><\/div>\n\n\n\n<h2 class=\"wp-block-heading\">Elenco dei cookie<\/h2>\n\n\n\n<div class= \"cky-audit-table-element\"><\/div>\n","protected":false},"excerpt":{"rendered":"<p>Che cos&#8217;\u00e8 un cookie? Un cookie \u00e8 un piccolo file di testo memorizzato sul vostro computer, tablet o smartphone quando visitate un sito web. Il loro scopo \u00e8 quello di raccogliere informazioni sulla vostra navigazione sul sito e di fornirvi servizi personalizzati. Sul vostro computer, i cookie sono gestiti dal vostro browser web. Quali cookie&hellip;<\/p>\n","protected":false},"author":1,"featured_media":0,"parent":0,"menu_order":11,"comment_status":"closed","ping_status":"closed","template":"","meta":{"footnotes":""},"class_list":["post-8874","page","type-page","status-publish","hentry","description-off"],"yoast_head":"<!-- This site is optimized with the Yoast SEO plugin v27.0 - https:\/\/yoast.com\/product\/yoast-seo-wordpress\/ -->\n<title>ORSON France |\u00a0Politica sui cookie<\/title>\n<meta name=\"description\" content=\"Politica sui cookie\" \/>\n<meta name=\"robots\" content=\"noindex, nofollow\" \/>\n<meta property=\"og:locale\" content=\"it_IT\" \/>\n<meta property=\"og:type\" content=\"article\" \/>\n<meta property=\"og:title\" content=\"ORSON France |\u00a0Politica sui cookie\" \/>\n<meta property=\"og:description\" content=\"Politica sui cookie\" \/>\n<meta property=\"og:url\" content=\"https:\/\/orsonfrance.com\/it\/politica-sui-cookie\/\" \/>\n<meta property=\"og:site_name\" content=\"Orson France, Sir\u00e8nes d&#039;alerte PPI-POI-PPMS\" \/>\n<meta property=\"article:modified_time\" content=\"2024-11-07T16:13:04+00:00\" \/>\n<meta name=\"twitter:card\" content=\"summary_large_image\" \/>\n<meta name=\"twitter:label1\" content=\"Tempo di lettura stimato\" \/>\n\t<meta name=\"twitter:data1\" content=\"2 minuti\" \/>\n<script type=\"application\/ld+json\" class=\"yoast-schema-graph\">{\"@context\":\"https:\/\/schema.org\",\"@graph\":[{\"@type\":\"WebPage\",\"@id\":\"https:\/\/orsonfrance.com\/it\/politica-sui-cookie\/\",\"url\":\"https:\/\/orsonfrance.com\/it\/politica-sui-cookie\/\",\"name\":\"ORSON France |\u00a0Politica sui cookie\",\"isPartOf\":{\"@id\":\"https:\/\/orsonfrance.com\/it\/#website\"},\"datePublished\":\"2020-09-24T13:23:51+00:00\",\"dateModified\":\"2024-11-07T16:13:04+00:00\",\"description\":\"Politica sui cookie\",\"breadcrumb\":{\"@id\":\"https:\/\/orsonfrance.com\/it\/politica-sui-cookie\/#breadcrumb\"},\"inLanguage\":\"it-IT\",\"potentialAction\":[{\"@type\":\"ReadAction\",\"target\":[\"https:\/\/orsonfrance.com\/it\/politica-sui-cookie\/\"]}]},{\"@type\":\"BreadcrumbList\",\"@id\":\"https:\/\/orsonfrance.com\/it\/politica-sui-cookie\/#breadcrumb\",\"itemListElement\":[{\"@type\":\"ListItem\",\"position\":1,\"name\":\"Accueil\",\"item\":\"https:\/\/orsonfrance.com\/it\/\"},{\"@type\":\"ListItem\",\"position\":2,\"name\":\"Politica sui cookie\"}]},{\"@type\":\"WebSite\",\"@id\":\"https:\/\/orsonfrance.com\/it\/#website\",\"url\":\"https:\/\/orsonfrance.com\/it\/\",\"name\":\"Orson France, Sir\u00e8nes d&#039;alerte PPI-POI-PPMS\",\"description\":\"Sp\u00e9cialiste des sir\u00e8ne d&#039;alerte \u00e0 la population\",\"publisher\":{\"@id\":\"https:\/\/orsonfrance.com\/it\/#organization\"},\"potentialAction\":[{\"@type\":\"SearchAction\",\"target\":{\"@type\":\"EntryPoint\",\"urlTemplate\":\"https:\/\/orsonfrance.com\/it\/?s={search_term_string}\"},\"query-input\":{\"@type\":\"PropertyValueSpecification\",\"valueRequired\":true,\"valueName\":\"search_term_string\"}}],\"inLanguage\":\"it-IT\"},{\"@type\":\"Organization\",\"@id\":\"https:\/\/orsonfrance.com\/it\/#organization\",\"name\":\"ORSON France\",\"url\":\"https:\/\/orsonfrance.com\/it\/\",\"logo\":{\"@type\":\"ImageObject\",\"inLanguage\":\"it-IT\",\"@id\":\"https:\/\/orsonfrance.com\/it\/#\/schema\/logo\/image\/\",\"url\":\"https:\/\/orsonfrance.com\/wp-content\/uploads\/2020\/07\/logo-orson-france@2x.png\",\"contentUrl\":\"https:\/\/orsonfrance.com\/wp-content\/uploads\/2020\/07\/logo-orson-france@2x.png\",\"width\":338,\"height\":200,\"caption\":\"ORSON France\"},\"image\":{\"@id\":\"https:\/\/orsonfrance.com\/it\/#\/schema\/logo\/image\/\"}}]}<\/script>\n<!-- \/ Yoast SEO plugin. -->","yoast_head_json":{"title":"ORSON France |\u00a0Politica sui cookie","description":"Politica sui cookie","robots":{"index":"noindex","follow":"nofollow"},"og_locale":"it_IT","og_type":"article","og_title":"ORSON France |\u00a0Politica sui cookie","og_description":"Politica sui cookie","og_url":"https:\/\/orsonfrance.com\/it\/politica-sui-cookie\/","og_site_name":"Orson France, Sir\u00e8nes d&#039;alerte PPI-POI-PPMS","article_modified_time":"2024-11-07T16:13:04+00:00","twitter_card":"summary_large_image","twitter_misc":{"Tempo di lettura stimato":"2 minuti"},"schema":{"@context":"https:\/\/schema.org","@graph":[{"@type":"WebPage","@id":"https:\/\/orsonfrance.com\/it\/politica-sui-cookie\/","url":"https:\/\/orsonfrance.com\/it\/politica-sui-cookie\/","name":"ORSON France |\u00a0Politica sui cookie","isPartOf":{"@id":"https:\/\/orsonfrance.com\/it\/#website"},"datePublished":"2020-09-24T13:23:51+00:00","dateModified":"2024-11-07T16:13:04+00:00","description":"Politica sui cookie","breadcrumb":{"@id":"https:\/\/orsonfrance.com\/it\/politica-sui-cookie\/#breadcrumb"},"inLanguage":"it-IT","potentialAction":[{"@type":"ReadAction","target":["https:\/\/orsonfrance.com\/it\/politica-sui-cookie\/"]}]},{"@type":"BreadcrumbList","@id":"https:\/\/orsonfrance.com\/it\/politica-sui-cookie\/#breadcrumb","itemListElement":[{"@type":"ListItem","position":1,"name":"Accueil","item":"https:\/\/orsonfrance.com\/it\/"},{"@type":"ListItem","position":2,"name":"Politica sui cookie"}]},{"@type":"WebSite","@id":"https:\/\/orsonfrance.com\/it\/#website","url":"https:\/\/orsonfrance.com\/it\/","name":"Orson France, Sir\u00e8nes d&#039;alerte PPI-POI-PPMS","description":"Sp\u00e9cialiste des sir\u00e8ne d&#039;alerte \u00e0 la population","publisher":{"@id":"https:\/\/orsonfrance.com\/it\/#organization"},"potentialAction":[{"@type":"SearchAction","target":{"@type":"EntryPoint","urlTemplate":"https:\/\/orsonfrance.com\/it\/?s={search_term_string}"},"query-input":{"@type":"PropertyValueSpecification","valueRequired":true,"valueName":"search_term_string"}}],"inLanguage":"it-IT"},{"@type":"Organization","@id":"https:\/\/orsonfrance.com\/it\/#organization","name":"ORSON France","url":"https:\/\/orsonfrance.com\/it\/","logo":{"@type":"ImageObject","inLanguage":"it-IT","@id":"https:\/\/orsonfrance.com\/it\/#\/schema\/logo\/image\/","url":"https:\/\/orsonfrance.com\/wp-content\/uploads\/2020\/07\/logo-orson-france@2x.png","contentUrl":"https:\/\/orsonfrance.com\/wp-content\/uploads\/2020\/07\/logo-orson-france@2x.png","width":338,"height":200,"caption":"ORSON France"},"image":{"@id":"https:\/\/orsonfrance.com\/it\/#\/schema\/logo\/image\/"}}]}},"_links":{"self":[{"href":"https:\/\/orsonfrance.com\/it\/wp-json\/wp\/v2\/pages\/8874","targetHints":{"allow":["GET"]}}],"collection":[{"href":"https:\/\/orsonfrance.com\/it\/wp-json\/wp\/v2\/pages"}],"about":[{"href":"https:\/\/orsonfrance.com\/it\/wp-json\/wp\/v2\/types\/page"}],"author":[{"embeddable":true,"href":"https:\/\/orsonfrance.com\/it\/wp-json\/wp\/v2\/users\/1"}],"replies":[{"embeddable":true,"href":"https:\/\/orsonfrance.com\/it\/wp-json\/wp\/v2\/comments?post=8874"}],"version-history":[{"count":0,"href":"https:\/\/orsonfrance.com\/it\/wp-json\/wp\/v2\/pages\/8874\/revisions"}],"wp:attachment":[{"href":"https:\/\/orsonfrance.com\/it\/wp-json\/wp\/v2\/media?parent=8874"}],"curies":[{"name":"wp","href":"https:\/\/api.w.org\/{rel}","templated":true}]}}